{"id":253420,"date":"2025-03-25T15:05:23","date_gmt":"2025-03-25T15:05:23","guid":{"rendered":"https:\/\/mhr.com.pt\/showroom\/"},"modified":"2025-12-19T16:25:34","modified_gmt":"2025-12-19T16:25:34","slug":"showroom","status":"publish","type":"page","link":"https:\/\/mhr.com.pt\/es\/showroom\/","title":{"rendered":"Showroom"},"content":{"rendered":"<p>[et_pb_section fb_built=\u00bb1&#8243; _builder_version=\u00bb4.27.4&#8243; _module_preset=\u00bbdefault\u00bb custom_margin=\u00bb||0px||false|false\u00bb custom_padding=\u00bb||0px||false|false\u00bb locked=\u00bboff\u00bb collapsed=\u00bboff\u00bb global_colors_info=\u00bb{}\u00bb][et_pb_row _builder_version=\u00bb4.27.4&#8243; _module_preset=\u00bbdefault\u00bb width=\u00bb100%\u00bb max_width=\u00bb100%\u00bb custom_margin=\u00bb0px||0px||false|false\u00bb custom_padding=\u00bb0px||0px||false|false\u00bb global_colors_info=\u00bb{}\u00bb][et_pb_column type=\u00bb4_4&#8243; _builder_version=\u00bb4.27.4&#8243; _module_preset=\u00bbdefault\u00bb global_colors_info=\u00bb{}\u00bb][et_pb_slider _builder_version=\u00bb4.27.4&#8243; _module_preset=\u00bbdefault\u00bb module_alignment=\u00bbcenter\u00bb height=\u00bb350px\u00bb height_tablet=\u00bb150px\u00bb height_phone=\u00bb100px\u00bb height_last_edited=\u00bbon|phone\u00bb custom_margin=\u00bb0px||0px||false|false\u00bb custom_padding=\u00bb0px||0px||false|false\u00bb global_colors_info=\u00bb{}\u00bb][et_pb_slide _builder_version=\u00bb4.27.4&#8243; _module_preset=\u00bbdefault\u00bb body_font=\u00bbMontserrat|200|||||||\u00bb body_text_align=\u00bbcenter\u00bb body_font_size=\u00bb4vw\u00bb body_line_height=\u00bb1em\u00bb background_enable_color=\u00bboff\u00bb use_background_color_gradient=\u00bbon\u00bb background_color_gradient_stops=\u00bbrgba(0,0,0,0.65) 0%|rgba(0,0,0,0.65) 100%\u00bb background_color_gradient_overlays_image=\u00bbon\u00bb background_image=\u00bbhttps:\/\/mhr.com.pt\/wp-content\/uploads\/2022\/06\/Milano_2022_01.jpg\u00bb background_enable_image=\u00bbon\u00bb text_orientation=\u00bbcenter\u00bb body_font_size_tablet=\u00bb6vw\u00bb body_font_size_phone=\u00bb6vw\u00bb body_font_size_last_edited=\u00bbon|desktop\u00bb global_colors_info=\u00bb{}\u00bb sticky_transition=\u00bbon\u00bb][\/et_pb_slide][\/et_pb_slider][\/et_pb_column][\/et_pb_row][\/et_pb_section][et_pb_section fb_built=\u00bb1&#8243; disabled_on=\u00bboff|off|off\u00bb _builder_version=\u00bb4.27.4&#8243; _module_preset=\u00bbdefault\u00bb background_color=\u00bb#f9f9f9&#8243; min_height=\u00bb662.4px\u00bb custom_margin=\u00bb||||false|false\u00bb custom_margin_tablet=\u00bb||||false|false\u00bb custom_margin_phone=\u00bb||||false|false\u00bb custom_margin_last_edited=\u00bboff|phone\u00bb custom_padding=\u00bb||||false|false\u00bb animation_direction=\u00bbbottom\u00bb global_colors_info=\u00bb{}\u00bb][et_pb_row column_structure=\u00bb2_5,3_5&#8243; _builder_version=\u00bb4.27.4&#8243; _module_preset=\u00bbdefault\u00bb custom_margin=\u00bb||||false|false\u00bb custom_margin_tablet=\u00bb||||false|false\u00bb custom_margin_phone=\u00bb150px||||false|false\u00bb custom_margin_last_edited=\u00bbon|phone\u00bb hover_enabled=\u00bb0&#8243; locked=\u00bboff\u00bb global_colors_info=\u00bb{}\u00bb sticky_enabled=\u00bb0&#8243; custom_css_main_element_last_edited=\u00bbon|tablet\u00bb custom_css_main_element=\u00bbdisplay: flex;||justify-content: center;||align-items: center;\u00bb custom_css_main_element_phone=\u00bb \u00bb custom_css_main_element_tablet=\u00bb \u00ab][et_pb_column type=\u00bb2_5&#8243; _builder_version=\u00bb4.25.1&#8243; _module_preset=\u00bbdefault\u00bb global_colors_info=\u00bb{}\u00bb][et_pb_text _builder_version=\u00bb4.27.4&#8243; _module_preset=\u00bbdefault\u00bb text_font=\u00bbMontserrat|300|||||||\u00bb text_font_size=\u00bb34px\u00bb text_line_height=\u00bb1em\u00bb text_font_size_tablet=\u00bb26px\u00bb text_font_size_phone=\u00bb24px\u00bb text_font_size_last_edited=\u00bbon|phone\u00bb global_colors_info=\u00bb{}\u00bb]<\/p>\n<p>Showroom de la Empresa<\/p>\n<p>[\/et_pb_text][et_pb_text _builder_version=\u00bb4.27.4&#8243; _module_preset=\u00bbdefault\u00bb header_4_line_height=\u00bb1.5em\u00bb custom_padding_tablet=\u00bb||25px||false|false\u00bb custom_padding_phone=\u00bb||25px||false|false\u00bb custom_padding_last_edited=\u00bbon|phone\u00bb locked=\u00bboff\u00bb global_colors_info=\u00bb{}\u00bb]<\/p>\n<h4>Un espacio creado exclusivamente para profesionales \u2014 arquitectos, decoradores y dise\u00f1adores de interiores.<\/h4>\n<p><\/p>\n<p>Aqu\u00ed podr\u00e1s explorar piezas cuidadosamente seleccionadas, experimentar tejidos y acabados en persona y presentar tus proyectos en un entorno que valora cada detalle.<\/p>\n<p><\/p>\n<p>M\u00e1s que un simple espacio expositivo, el Showroom de MHR es una herramienta dise\u00f1ada para apoyar tu proceso creativo y fortalecer tu conexi\u00f3n con los clientes.<\/p>\n<p><\/p>\n<p>Visitas disponibles con cita previa.<br \/>Da a tus proyectos una nueva perspectiva.<\/p>\n<p>[\/et_pb_text][et_pb_button button_url=\u00bb@ET-DC@eyJkeW5hbWljIjp0cnVlLCJjb250ZW50IjoicG9zdF9saW5rX3VybF9wYWdlIiwic2V0dGluZ3MiOnsicG9zdF9pZCI6IjEzNjYifX0=@\u00bb button_text=\u00bbRESERVAR UNA VISITA\u00bb _builder_version=\u00bb4.27.4&#8243; _dynamic_attributes=\u00bbbutton_url\u00bb _module_preset=\u00bbdefault\u00bb custom_button=\u00bbon\u00bb button_text_size=\u00bb10px\u00bb button_border_width=\u00bb1px\u00bb button_font=\u00bbMontserrat|500|||||||\u00bb global_colors_info=\u00bb{}\u00bb][\/et_pb_button][\/et_pb_column][et_pb_column type=\u00bb3_5&#8243; _builder_version=\u00bb4.25.1&#8243; _module_preset=\u00bbdefault\u00bb global_colors_info=\u00bb{}\u00bb][et_pb_video src=\u00bbhttps:\/\/youtu.be\/U8ZYTvugh_w\u00bb _builder_version=\u00bb4.27.4&#8243; _module_preset=\u00bbdefault\u00bb global_colors_info=\u00bb{}\u00bb][\/et_pb_video][et_pb_video src=\u00bbhttps:\/\/youtu.be\/cBRCM7ugW30&#8243; _builder_version=\u00bb4.27.4&#8243; _module_preset=\u00bbdefault\u00bb global_colors_info=\u00bb{}\u00bb][\/et_pb_video][\/et_pb_column][\/et_pb_row][\/et_pb_section][et_pb_section fb_built=\u00bb1&#8243; disabled_on=\u00bbon|on|on\u00bb _builder_version=\u00bb4.27.4&#8243; _module_preset=\u00bbdefault\u00bb background_color=\u00bb#f9f9f9&#8243; min_height=\u00bb662.4px\u00bb custom_margin=\u00bb||||false|false\u00bb custom_margin_tablet=\u00bb||||false|false\u00bb custom_margin_phone=\u00bb||||false|false\u00bb custom_margin_last_edited=\u00bboff|phone\u00bb custom_padding=\u00bb||||false|false\u00bb animation_direction=\u00bbbottom\u00bb disabled=\u00bbon\u00bb global_colors_info=\u00bb{}\u00bb][et_pb_row column_structure=\u00bb2_5,3_5&#8243; _builder_version=\u00bb4.27.4&#8243; _module_preset=\u00bbdefault\u00bb custom_margin=\u00bb||||false|false\u00bb custom_margin_tablet=\u00bb||||false|false\u00bb custom_margin_phone=\u00bb150px||||false|false\u00bb custom_margin_last_edited=\u00bbon|phone\u00bb locked=\u00bboff\u00bb global_colors_info=\u00bb{}\u00bb][et_pb_column type=\u00bb2_5&#8243; _builder_version=\u00bb4.25.1&#8243; _module_preset=\u00bbdefault\u00bb global_colors_info=\u00bb{}\u00bb][et_pb_text _builder_version=\u00bb4.27.4&#8243; _module_preset=\u00bbdefault\u00bb text_font=\u00bbMontserrat|300|||||||\u00bb text_font_size=\u00bb36px\u00bb text_line_height=\u00bb1.2em\u00bb custom_margin=\u00bb||||false|false\u00bb custom_padding=\u00bb||||false|false\u00bb custom_padding_tablet=\u00bb||||false|false\u00bb custom_padding_phone=\u00bb||||false|false\u00bb custom_padding_last_edited=\u00bbon|desktop\u00bb text_font_size_tablet=\u00bb32px\u00bb text_font_size_phone=\u00bb30px\u00bb text_font_size_last_edited=\u00bbon|phone\u00bb header_font_size_tablet=\u00bb\u00bb header_font_size_phone=\u00bb\u00bb header_font_size_last_edited=\u00bbon|phone\u00bb global_colors_info=\u00bb{}\u00bb]<\/p>\n<p>Salone del Mobile.<br \/>Milano 2024.<\/p>\n<p>[\/et_pb_text][et_pb_text _builder_version=\u00bb4.27.4&#8243; _module_preset=\u00bbdefault\u00bb custom_padding=\u00bb||||false|false\u00bb custom_padding_tablet=\u00bb||||false|false\u00bb custom_padding_phone=\u00bb||||false|false\u00bb custom_padding_last_edited=\u00bbon|phone\u00bb global_colors_info=\u00bb{}\u00bb]<\/p>\n<p>Lorem ipsum dolor sit amet, consectetur adipiscing elit. Etiam vitae orci at magna euismod faucibus. Suspendisse eget tellus eu augue fringilla luctus at et ligula. Cras rutrum tellus ut elit porta, quis ultricies risus scelerisque.<\/p>\n<p><\/p>\n<p>Phasellus egestas ultrices tellus quis venenatis. Vestibulum volutpat, neque sed suscipit porttitor, nunc nibh fringilla justo, a gravida magna justo quis quam. Morbi placerat, massa vitae ultrices gravida, libero metus blandit metus, malesuada varius est nunc in elit. Phasellus tincidunt pretium pretium.<\/p>\n<p><\/p>\n<p>Fusce vestibulum, mi quis varius consequat, urna nibh vulputate augue, sit amet maximus metus neque vitae urna. Pellentesque sollicitudin pharetra libero eget fringilla. Proin pellentesque lorem id tortor dapibus vehicula.<\/p>\n<p><\/p>\n<p>Sed auctor massa molestie, luctus justo in, commodo massa. Nam ligula tortor, faucibus in neque dictum, vehicula auctor elit.<\/p>\n<p>[\/et_pb_text][\/et_pb_column][et_pb_column type=\u00bb3_5&#8243; _builder_version=\u00bb4.25.1&#8243; _module_preset=\u00bbdefault\u00bb global_colors_info=\u00bb{}\u00bb][et_pb_video src=\u00bbhttps:\/\/youtube.com\/shorts\/pZH7gLN-zVI?feature=share\u00bb _builder_version=\u00bb4.27.4&#8243; _module_preset=\u00bbdefault\u00bb global_colors_info=\u00bb{}\u00bb][\/et_pb_video][et_pb_video src=\u00bbhttps:\/\/youtube.com\/shorts\/Mjgz9txNxhk?feature=share\u00bb _builder_version=\u00bb4.27.4&#8243; _module_preset=\u00bbdefault\u00bb global_colors_info=\u00bb{}\u00bb][\/et_pb_video][et_pb_video src=\u00bbhttps:\/\/youtube.com\/shorts\/AULRYAC6kqI?feature=share\u00bb _builder_version=\u00bb4.27.4&#8243; _module_preset=\u00bbdefault\u00bb global_colors_info=\u00bb{}\u00bb][\/et_pb_video][et_pb_video src=\u00bbhttps:\/\/youtu.be\/nf3U7g66S7c\u00bb _builder_version=\u00bb4.27.4&#8243; _module_preset=\u00bbdefault\u00bb global_colors_info=\u00bb{}\u00bb][\/et_pb_video][\/et_pb_column][\/et_pb_row][\/et_pb_section]<\/p>\n","protected":false},"excerpt":{"rendered":"<p>Showroom de la EmpresaUn espacio creado exclusivamente para profesionales \u2014 arquitectos, decoradores y dise\u00f1adores de interiores.Aqu\u00ed podr\u00e1s explorar piezas cuidadosamente seleccionadas, experimentar tejidos y acabados en persona y presentar tus proyectos en un entorno que valora cada detalle.M\u00e1s que un simple espacio expositivo, el Showroom de MHR es una herramienta dise\u00f1ada para apoyar tu proceso [&hellip;]<\/p>\n","protected":false},"author":3,"featured_media":0,"parent":0,"menu_order":0,"comment_status":"closed","ping_status":"closed","template":"","meta":{"_et_pb_use_builder":"on","_et_pb_old_content":"","_et_gb_content_width":"","footnotes":""},"class_list":["post-253420","page","type-page","status-publish","hentry"],"_links":{"self":[{"href":"https:\/\/mhr.com.pt\/es\/wp-json\/wp\/v2\/pages\/253420","targetHints":{"allow":["GET"]}}],"collection":[{"href":"https:\/\/mhr.com.pt\/es\/wp-json\/wp\/v2\/pages"}],"about":[{"href":"https:\/\/mhr.com.pt\/es\/wp-json\/wp\/v2\/types\/page"}],"author":[{"embeddable":true,"href":"https:\/\/mhr.com.pt\/es\/wp-json\/wp\/v2\/users\/3"}],"replies":[{"embeddable":true,"href":"https:\/\/mhr.com.pt\/es\/wp-json\/wp\/v2\/comments?post=253420"}],"version-history":[{"count":2,"href":"https:\/\/mhr.com.pt\/es\/wp-json\/wp\/v2\/pages\/253420\/revisions"}],"predecessor-version":[{"id":253424,"href":"https:\/\/mhr.com.pt\/es\/wp-json\/wp\/v2\/pages\/253420\/revisions\/253424"}],"wp:attachment":[{"href":"https:\/\/mhr.com.pt\/es\/wp-json\/wp\/v2\/media?parent=253420"}],"curies":[{"name":"wp","href":"https:\/\/api.w.org\/{rel}","templated":true}]}}