{"id":253425,"date":"2025-03-13T11:51:42","date_gmt":"2025-03-13T11:51:42","guid":{"rendered":"https:\/\/mhr.com.pt\/coleccion-bringing-home-to-every-house\/"},"modified":"2025-12-19T16:28:33","modified_gmt":"2025-12-19T16:28:33","slug":"coleccion-bringing-home-to-every-house","status":"publish","type":"page","link":"https:\/\/mhr.com.pt\/es\/coleccion-bringing-home-to-every-house\/","title":{"rendered":"Colecci\u00f3n Bringing home to every house"},"content":{"rendered":"<p>[et_pb_section fb_built=\u00bb1&#8243; _builder_version=\u00bb4.27.4&#8243; _module_preset=\u00bbdefault\u00bb custom_margin=\u00bb||0px||false|false\u00bb custom_padding=\u00bb||0px||false|false\u00bb locked=\u00bboff\u00bb collapsed=\u00bboff\u00bb global_colors_info=\u00bb{}\u00bb][et_pb_row _builder_version=\u00bb4.27.4&#8243; _module_preset=\u00bbdefault\u00bb width=\u00bb100%\u00bb max_width=\u00bb100%\u00bb custom_margin=\u00bb0px||0px||false|false\u00bb custom_padding=\u00bb0px||0px||false|false\u00bb global_colors_info=\u00bb{}\u00bb][et_pb_column type=\u00bb4_4&#8243; _builder_version=\u00bb4.27.4&#8243; _module_preset=\u00bbdefault\u00bb global_colors_info=\u00bb{}\u00bb][et_pb_slider _builder_version=\u00bb4.27.4&#8243; _module_preset=\u00bbdefault\u00bb module_alignment=\u00bbcenter\u00bb height=\u00bb350px\u00bb height_tablet=\u00bb150px\u00bb height_phone=\u00bb100px\u00bb height_last_edited=\u00bbon|phone\u00bb custom_margin=\u00bb0px||0px||false|false\u00bb custom_padding=\u00bb0px||0px||false|false\u00bb global_colors_info=\u00bb{}\u00bb][et_pb_slide content_last_edited=\u00bboff|desktop\u00bb _builder_version=\u00bb4.27.4&#8243; _module_preset=\u00bbdefault\u00bb body_font=\u00bbMontserrat|200|||||||\u00bb body_text_align=\u00bbcenter\u00bb body_font_size=\u00bb4vw\u00bb body_line_height=\u00bb1em\u00bb background_enable_color=\u00bboff\u00bb use_background_color_gradient=\u00bbon\u00bb background_color_gradient_stops=\u00bbrgba(0,0,0,0.65) 0%|rgba(0,0,0,0.65) 100%\u00bb background_color_gradient_overlays_image=\u00bbon\u00bb background_image=\u00bbhttps:\/\/mhr.com.pt\/wp-content\/uploads\/2024\/04\/BH2EH.jpg\u00bb background_enable_image=\u00bbon\u00bb text_orientation=\u00bbcenter\u00bb body_font_size_tablet=\u00bb6vw\u00bb body_font_size_phone=\u00bb6vw\u00bb body_font_size_last_edited=\u00bbon|desktop\u00bb global_colors_info=\u00bb{}\u00bb sticky_transition=\u00bbon\u00bb][\/et_pb_slide][\/et_pb_slider][\/et_pb_column][\/et_pb_row][\/et_pb_section][et_pb_section fb_built=\u00bb1&#8243; _builder_version=\u00bb4.27.4&#8243; _module_preset=\u00bbdefault\u00bb background_color=\u00bb#f7f7f7&#8243; locked=\u00bboff\u00bb global_colors_info=\u00bb{}\u00bb][et_pb_row column_structure=\u00bb3_5,2_5&#8243; disabled_on=\u00bboff|off|off\u00bb _builder_version=\u00bb4.27.4&#8243; _module_preset=\u00bbdefault\u00bb custom_margin=\u00bb||||false|false\u00bb custom_padding=\u00bb75px||75px||false|false\u00bb custom_css_main_element=\u00bbdisplay: flex;||align-items: center;\u00bb global_colors_info=\u00bb{}\u00bb custom_css_main_element_last_edited=\u00bbon|tablet\u00bb custom_css_main_element_tablet=\u00bb \u00bb custom_css_main_element_phone=\u00bb \u00ab][et_pb_column type=\u00bb3_5&#8243; _builder_version=\u00bb4.27.4&#8243; _module_preset=\u00bbdefault\u00bb global_colors_info=\u00bb{}\u00bb][et_pb_text _builder_version=\u00bb4.27.4&#8243; _module_preset=\u00bbdefault\u00bb text_font=\u00bbMontserrat|300|||||||\u00bb text_font_size=\u00bb34px\u00bb text_line_height=\u00bb1em\u00bb text_font_size_tablet=\u00bb26px\u00bb text_font_size_phone=\u00bb24px\u00bb text_font_size_last_edited=\u00bbon|phone\u00bb locked=\u00bboff\u00bb global_colors_info=\u00bb{}\u00bb]<\/p>\n<p>Colecci\u00f3n <i>Bringing home to every house<\/i><\/p>\n<p>[\/et_pb_text][et_pb_text _builder_version=\u00bb4.27.4&#8243; _module_preset=\u00bbdefault\u00bb custom_margin_tablet=\u00bb||75px||false|false\u00bb custom_margin_phone=\u00bb||75px||false|false\u00bb custom_margin_last_edited=\u00bbon|desktop\u00bb global_colors_info=\u00bb{}\u00bb]<\/p>\n<p>En nuestra b\u00fasqueda de soluciones que cubran una gama m\u00e1s amplia de necesidades, nos complace presentar el Nuevo Cat\u00e1logo de MHR \u2013 \u201cBringing Home to Every House\u201d.<\/p>\n<p><\/p>\n<p>Creada para ofrecer confort y dise\u00f1o de calidad, esta Colecci\u00f3n es ideal para clientes que buscan piezas con una s\u00f3lida relaci\u00f3n precio\/calidad, manteniendo los altos est\u00e1ndares que nos definen.<\/p>\n<p><\/p>\n<p>En este cat\u00e1logo encontrar\u00e1s Sof\u00e1s, Accesorios, Camas y mucho m\u00e1s, con dise\u00f1os vers\u00e1tiles y materiales duraderos. Estas piezas est\u00e1n pensadas para integrarse f\u00e1cilmente en cualquier espacio, combinando siempre funcionalidad con est\u00e9tica.<\/p>\n<p><\/p>\n<p>Este Cat\u00e1logo ofrece una colecci\u00f3n pr\u00e1ctica y fiable, proporcionando a los clientes opciones para transformar sus hogares con calidad a precios m\u00e1s accesibles.<\/p>\n<p>[\/et_pb_text][\/et_pb_column][et_pb_column type=\u00bb2_5&#8243; _builder_version=\u00bb4.27.4&#8243; _module_preset=\u00bbdefault\u00bb global_colors_info=\u00bb{}\u00bb][et_pb_image src=\u00bbhttps:\/\/mhr.com.pt\/wp-content\/uploads\/2024\/07\/BH2EH_2025_Cover_300x300-e1744380061791.png\u00bb title_text=\u00bbBH2EH_2025_Cover_300x300&#8243; url=\u00bbhttps:\/\/mhr.com.pt\/wp-content\/uploads\/2025\/04\/BH2EH_by_MHR_2025_v2.pdf\u00bb url_new_window=\u00bbon\u00bb align=\u00bbcenter\u00bb _builder_version=\u00bb4.27.4&#8243; _module_preset=\u00bbdefault\u00bb width=\u00bb87%\u00bb width_tablet=\u00bb65%\u00bb width_phone=\u00bb75%\u00bb width_last_edited=\u00bbon|phone\u00bb module_alignment=\u00bbcenter\u00bb box_shadow_style=\u00bbpreset3&#8243; box_shadow_vertical=\u00bb5px\u00bb box_shadow_blur=\u00bb3px\u00bb box_shadow_spread=\u00bb-1px\u00bb global_colors_info=\u00bb{}\u00bb filter_brightness__hover=\u00bb55%\u00bb filter_brightness__hover_enabled=\u00bbon|hover\u00bb locked=\u00bboff\u00bb][\/et_pb_image][\/et_pb_column][\/et_pb_row][\/et_pb_section]<\/p>\n","protected":false},"excerpt":{"rendered":"<p>Colecci\u00f3n Bringing home to every houseEn nuestra b\u00fasqueda de soluciones que cubran una gama m\u00e1s amplia de necesidades, nos complace presentar el Nuevo Cat\u00e1logo de MHR \u2013 \u201cBringing Home to Every House\u201d.Creada para ofrecer confort y dise\u00f1o de calidad, esta Colecci\u00f3n es ideal para clientes que buscan piezas con una s\u00f3lida relaci\u00f3n precio\/calidad, manteniendo los [&hellip;]<\/p>\n","protected":false},"author":3,"featured_media":0,"parent":0,"menu_order":0,"comment_status":"closed","ping_status":"closed","template":"","meta":{"_et_pb_use_builder":"on","_et_pb_old_content":"","_et_gb_content_width":"","footnotes":""},"class_list":["post-253425","page","type-page","status-publish","hentry"],"_links":{"self":[{"href":"https:\/\/mhr.com.pt\/es\/wp-json\/wp\/v2\/pages\/253425","targetHints":{"allow":["GET"]}}],"collection":[{"href":"https:\/\/mhr.com.pt\/es\/wp-json\/wp\/v2\/pages"}],"about":[{"href":"https:\/\/mhr.com.pt\/es\/wp-json\/wp\/v2\/types\/page"}],"author":[{"embeddable":true,"href":"https:\/\/mhr.com.pt\/es\/wp-json\/wp\/v2\/users\/3"}],"replies":[{"embeddable":true,"href":"https:\/\/mhr.com.pt\/es\/wp-json\/wp\/v2\/comments?post=253425"}],"version-history":[{"count":2,"href":"https:\/\/mhr.com.pt\/es\/wp-json\/wp\/v2\/pages\/253425\/revisions"}],"predecessor-version":[{"id":253428,"href":"https:\/\/mhr.com.pt\/es\/wp-json\/wp\/v2\/pages\/253425\/revisions\/253428"}],"wp:attachment":[{"href":"https:\/\/mhr.com.pt\/es\/wp-json\/wp\/v2\/media?parent=253425"}],"curies":[{"name":"wp","href":"https:\/\/api.w.org\/{rel}","templated":true}]}}