{"id":253437,"date":"2020-10-09T14:14:01","date_gmt":"2020-10-09T13:14:01","guid":{"rendered":"https:\/\/mhr.com.pt\/sobre-nosotros\/"},"modified":"2026-02-27T22:25:04","modified_gmt":"2026-02-27T22:25:04","slug":"sobre-nosotros","status":"publish","type":"page","link":"https:\/\/mhr.com.pt\/es\/sobre-nosotros\/","title":{"rendered":"Sobre Nosotros"},"content":{"rendered":"<p>[et_pb_section fb_built=\u00bb1&#8243; fullwidth=\u00bbon\u00bb disabled_on=\u00bbon|on|on\u00bb _builder_version=\u00bb4.27.4&#8243; _module_preset=\u00bbdefault\u00bb custom_margin_tablet=\u00bb\u00bb custom_margin_phone=\u00bb-20%|-25%||-25%|false|true\u00bb custom_margin_last_edited=\u00bbon|phone\u00bb disabled=\u00bbon\u00bb global_colors_info=\u00bb{}\u00bb][et_pb_fullwidth_header text_orientation=\u00bbcenter\u00bb header_fullscreen=\u00bbon\u00bb header_scroll_down=\u00bbon\u00bb scroll_down_icon=\u00bb%%2%%\u00bb scroll_down_icon_color=\u00bb#000000&#8243; scroll_down_icon_size=\u00bb30px\u00bb background_overlay_color=\u00bbrgba(255,208,0,0.75)\u00bb content_max_width=\u00bb80%\u00bb content_max_width_tablet=\u00bb\u00bb content_max_width_phone=\u00bb90%\u00bb content_max_width_last_edited=\u00bbon|phone\u00bb _builder_version=\u00bb4.27.4&#8243; _module_preset=\u00bbdefault\u00bb title_font=\u00bb|700|||||||\u00bb title_text_color=\u00bb#000000&#8243; title_font_size=\u00bb60px\u00bb title_letter_spacing=\u00bb-1px\u00bb title_line_height=\u00bb1.1em\u00bb content_font=\u00bb|300|||||||\u00bb content_text_align=\u00bbcenter\u00bb content_text_color=\u00bb#000000&#8243; content_font_size=\u00bb22px\u00bb content_line_height=\u00bb1.5em\u00bb background_color=\u00bb#ffd000&#8243; background_image=\u00bbhttps:\/\/mhr.com.pt\/wp-content\/uploads\/2021\/03\/About_Us_1.jpg\u00bb background_position=\u00bbtop_center\u00bb background_vertical_offset=\u00bb135px\u00bb background_blend=\u00bbmultiply\u00bb positioning=\u00bbnone\u00bb background_layout=\u00bblight\u00bb width=\u00bb100%\u00bb width_tablet=\u00bb\u00bb width_phone=\u00bb100%\u00bb width_last_edited=\u00bbon|phone\u00bb max_width=\u00bb100%\u00bb module_alignment=\u00bbcenter\u00bb height_tablet=\u00bb\u00bb height_phone=\u00bb95vh\u00bb height_last_edited=\u00bbon|phone\u00bb custom_margin=\u00bb||||false|false\u00bb custom_margin_tablet=\u00bb||||false|false\u00bb custom_margin_phone=\u00bb||||false|false\u00bb custom_margin_last_edited=\u00bbon|desktop\u00bb custom_padding=\u00bb||||false|false\u00bb custom_padding_tablet=\u00bb||||false|false\u00bb custom_padding_phone=\u00bb||||false|false\u00bb custom_padding_last_edited=\u00bbon|desktop\u00bb scroll_vertical_motion=\u00bb0|24|24|100|3.5|0|-4&#8243; title_font_size_tablet=\u00bb45px\u00bb title_font_size_phone=\u00bb35px\u00bb title_line_height_tablet=\u00bb1.1em\u00bb title_line_height_phone=\u00bb1.1em\u00bb content_font_size_tablet=\u00bb20px\u00bb content_font_size_phone=\u00bb16px\u00bb content_font_size_last_edited=\u00bbon|phone\u00bb content_line_height_tablet=\u00bb1.4em\u00bb content_line_height_phone=\u00bb1.5em\u00bb content_line_height_last_edited=\u00bbon|tablet\u00bb background_last_edited=\u00bbon|phone\u00bb custom_css_main_element=\u00bbmin-height: calc(100vh &#8211; 100px);||display: flex;\u00bb locked=\u00bboff\u00bb global_colors_info=\u00bb{}\u00bb custom_css_button_2_last_edited=\u00bboff|desktop\u00bb custom_css_main_element_last_edited=\u00bbon|phone\u00bb custom_css_main_element_phone=\u00bbpadding-top:10vw!important;||min-height: calc(100vh &#8211; 430px);||display: flex;\u00bb custom_css_main_element_tablet=\u00bbmin-height: calc(100vh &#8211; 100px);||display: flex;\u00bb]<\/p>\n<p style=\"text-align: center;\">Siempre nos hemos inspirado en la excelencia.<\/p>\n<p><\/p>\n<p style=\"text-align: center;\">Dos hermanos impulsados por el mismo deseo: crear piezas que eleven cada proyecto de decoraci\u00f3n. Creando con la \u201cmente\u201d, pero sin descuidar nunca otra parte importante de la ecuaci\u00f3n, el \u201ccoraz\u00f3n\u201d. Y es con este objetivo que trabajamos cada d\u00eda.<\/p>\n<p><\/p>\n<p>&nbsp;<\/p>\n<p><\/p>\n<h1 style=\"text-align: center;\">INSPIRADOS EN LA EXCELENCIA.<\/h1>\n<p><\/p>\n<p>&nbsp;<\/p>\n<p><\/p>\n<p style=\"text-align: center;\">Ese fue el punto de partida b\u00e1sico que nos lanz\u00f3 a un camino de investigaci\u00f3n continua, siempre guiados por los valores de coherencia, determinaci\u00f3n y, siempre, siempre, con pasi\u00f3n y entusiasmo.<\/p>\n<p>[\/et_pb_fullwidth_header][\/et_pb_section][et_pb_section fb_built=\u00bb1&#8243; fullwidth=\u00bbon\u00bb _builder_version=\u00bb4.27.4&#8243; _module_preset=\u00bbdefault\u00bb custom_margin_tablet=\u00bb\u00bb custom_margin_phone=\u00bb-20%|-25%||-25%|false|true\u00bb custom_margin_last_edited=\u00bbon|phone\u00bb locked=\u00bboff\u00bb global_colors_info=\u00bb{}\u00bb][et_pb_fullwidth_header text_orientation=\u00bbcenter\u00bb header_fullscreen=\u00bbon\u00bb header_scroll_down=\u00bbon\u00bb scroll_down_icon=\u00bb%%2%%\u00bb scroll_down_icon_color=\u00bb#FFFFFF\u00bb scroll_down_icon_size=\u00bb30px\u00bb background_overlay_color=\u00bbrgba(173,142,119,0.7)\u00bb content_max_width=\u00bb80%\u00bb content_max_width_tablet=\u00bb\u00bb content_max_width_phone=\u00bb90%\u00bb content_max_width_last_edited=\u00bbon|phone\u00bb _builder_version=\u00bb4.27.4&#8243; _module_preset=\u00bbdefault\u00bb title_font=\u00bb|700|||||||\u00bb title_text_color=\u00bb#FFFFFF\u00bb title_font_size=\u00bb60px\u00bb title_letter_spacing=\u00bb-1px\u00bb title_line_height=\u00bb1.1em\u00bb content_font=\u00bb|300|||||||\u00bb content_text_align=\u00bbcenter\u00bb content_text_color=\u00bb#FFFFFF\u00bb content_font_size=\u00bb22px\u00bb content_line_height=\u00bb1.5em\u00bb background_color=\u00bb#ad9685&#8243; background_image=\u00bbhttps:\/\/mhr.com.pt\/wp-content\/uploads\/2021\/03\/About_Us_1.jpg\u00bb background_position=\u00bbtop_center\u00bb background_vertical_offset=\u00bb135px\u00bb background_blend=\u00bbmultiply\u00bb positioning=\u00bbnone\u00bb background_layout=\u00bblight\u00bb width=\u00bb100%\u00bb width_tablet=\u00bb\u00bb width_phone=\u00bb100%\u00bb width_last_edited=\u00bbon|phone\u00bb max_width=\u00bb100%\u00bb module_alignment=\u00bbcenter\u00bb height_tablet=\u00bb\u00bb height_phone=\u00bb95vh\u00bb height_last_edited=\u00bbon|phone\u00bb custom_margin=\u00bb||||false|false\u00bb custom_margin_tablet=\u00bb||||false|false\u00bb custom_margin_phone=\u00bb||||false|false\u00bb custom_margin_last_edited=\u00bbon|desktop\u00bb custom_padding=\u00bb||||false|false\u00bb custom_padding_tablet=\u00bb||||false|false\u00bb custom_padding_phone=\u00bb||||false|false\u00bb custom_padding_last_edited=\u00bbon|desktop\u00bb scroll_vertical_motion=\u00bb0|24|24|100|3.5|0|-4&#8243; title_font_size_tablet=\u00bb45px\u00bb title_font_size_phone=\u00bb35px\u00bb title_line_height_tablet=\u00bb1.1em\u00bb title_line_height_phone=\u00bb1.1em\u00bb content_font_size_tablet=\u00bb20px\u00bb content_font_size_phone=\u00bb16px\u00bb content_font_size_last_edited=\u00bbon|phone\u00bb content_line_height_tablet=\u00bb1.4em\u00bb content_line_height_phone=\u00bb1.5em\u00bb content_line_height_last_edited=\u00bbon|tablet\u00bb background_last_edited=\u00bbon|phone\u00bb custom_css_main_element=\u00bbmin-height: calc(100vh &#8211; 100px);||display: flex;\u00bb locked=\u00bboff\u00bb global_colors_info=\u00bb{}\u00bb custom_css_button_2_last_edited=\u00bboff|desktop\u00bb custom_css_main_element_last_edited=\u00bbon|phone\u00bb custom_css_main_element_phone=\u00bbpadding-top:10vw!important;||min-height: calc(100vh &#8211; 430px);||display: flex;\u00bb custom_css_main_element_tablet=\u00bbmin-height: calc(100vh &#8211; 100px);||display: flex;\u00bb]<\/p>\n<p style=\"text-align: center;\">Siempre nos hemos inspirado en la excelencia.<\/p>\n<p><\/p>\n<p style=\"text-align: center;\">Dos hermanos impulsados por el mismo deseo: crear piezas que eleven cada proyecto de decoraci\u00f3n. Creando con la \u201cmente\u201d, pero sin descuidar nunca otra parte importante de la ecuaci\u00f3n, el \u201ccoraz\u00f3n\u201d. Y es con este objetivo que trabajamos cada d\u00eda.<\/p>\n<p><\/p>\n<p>&nbsp;<\/p>\n<p><\/p>\n<h1 style=\"text-align: center;\">INSPIRADOS EN LA EXCELENCIA.<\/h1>\n<p><\/p>\n<p>&nbsp;<\/p>\n<p><\/p>\n<p style=\"text-align: center;\">Ese fue el punto de partida b\u00e1sico que nos lanz\u00f3 a un camino de investigaci\u00f3n continua, siempre guiados por los valores de coherencia, determinaci\u00f3n y, siempre, siempre, con pasi\u00f3n y entusiasmo.<\/p>\n<p>[\/et_pb_fullwidth_header][\/et_pb_section][et_pb_section fb_built=\u00bb1&#8243; fullwidth=\u00bbon\u00bb _builder_version=\u00bb4.27.4&#8243; _module_preset=\u00bbdefault\u00bb custom_margin=\u00bb||||false|true\u00bb custom_margin_tablet=\u00bb||||false|true\u00bb custom_margin_phone=\u00bb|-25%||-25%|false|true\u00bb custom_margin_last_edited=\u00bbon|phone\u00bb hover_enabled=\u00bb0&#8243; global_colors_info=\u00bb{}\u00bb sticky_enabled=\u00bb0&#8243;][et_pb_fullwidth_header text_orientation=\u00bbcenter\u00bb header_fullscreen=\u00bbon\u00bb header_scroll_down=\u00bbon\u00bb scroll_down_icon=\u00bb%%2%%\u00bb scroll_down_icon_size=\u00bb30px\u00bb background_overlay_color=\u00bbrgba(0,0,0,0.49)\u00bb content_max_width=\u00bb80%\u00bb _builder_version=\u00bb4.27.6&#8243; _module_preset=\u00bbdefault\u00bb title_font=\u00bb|700|||||||\u00bb title_text_color=\u00bb#FFFFFF\u00bb title_font_size=\u00bb60px\u00bb title_line_height=\u00bb1.1em\u00bb content_font=\u00bb|300|||||||\u00bb content_text_align=\u00bbcenter\u00bb content_text_color=\u00bb#FFFFFF\u00bb content_font_size=\u00bb22px\u00bb content_line_height=\u00bb1.5em\u00bb background_enable_color=\u00bboff\u00bb background_image=\u00bbhttps:\/\/mhr.com.pt\/wp-content\/uploads\/2021\/03\/About_Us_2.jpg\u00bb positioning=\u00bbnone\u00bb width=\u00bb100%\u00bb max_width=\u00bb100%\u00bb custom_margin=\u00bb||||false|false\u00bb custom_padding=\u00bb||||true|false\u00bb scroll_vertical_motion=\u00bb0|24|24|100|3.5|0|-4&#8243; hover_enabled=\u00bb0&#8243; title_font_size_tablet=\u00bb45px\u00bb title_font_size_phone=\u00bb35px\u00bb title_line_height_tablet=\u00bb1.1em\u00bb title_line_height_phone=\u00bb1.1em\u00bb content_font_size_tablet=\u00bb20px\u00bb content_font_size_phone=\u00bb16px\u00bb content_font_size_last_edited=\u00bbon|phone\u00bb content_line_height_tablet=\u00bb1.4em\u00bb content_line_height_phone=\u00bb1.5em\u00bb content_line_height_last_edited=\u00bbon|tablet\u00bb custom_css_main_element=\u00bbmin-height: calc(100vh &#8211; 100px);||display: flex;\u00bb locked=\u00bboff\u00bb global_colors_info=\u00bb{}\u00bb custom_css_button_2_last_edited=\u00bboff|desktop\u00bb custom_css_main_element_last_edited=\u00bbon|phone\u00bb custom_css_main_element_phone=\u00bbpadding-top:10vw!important;||min-height: calc(100vh &#8211; 430px);||display: flex;\u00bb custom_css_main_element_tablet=\u00bbmin-height: calc(100vh &#8211; 100px);||display: flex;\u00bb sticky_enabled=\u00bb0&#8243;]<\/p>\n<p style=\"text-align: center;\">A\u00f1o tras a\u00f1o, colecci\u00f3n tras colecci\u00f3n, reforzamos nuestra identidad de marca con la evoluci\u00f3n y continuidad de las colecciones. De esta manera, nos llev\u00f3 al desarrollo de una gama completa de ambientes, interpretando plenamente el universo del concepto <i>Art of Living<\/i>.<\/p>\n<p><\/p>\n<p>&nbsp;<\/p>\n<p><\/p>\n<h1 style=\"text-align: center;\">EL CONFORT NO SUCEDE POR CASUALIDAD.<\/h1>\n<p><\/p>\n<p>&nbsp;<\/p>\n<p><\/p>\n<p style=\"text-align: center;\">Siempre damos prioridad al confort. En cada desarrollo, en cada material seleccionado, en cada acabado, en cada detalle, porque creemos que no hay l\u00edmites para la evoluci\u00f3n del rendimiento de nuestros productos.<\/p>\n<p>[\/et_pb_fullwidth_header][\/et_pb_section][et_pb_section fb_built=\u00bb1&#8243; fullwidth=\u00bbon\u00bb _builder_version=\u00bb4.27.4&#8243; _module_preset=\u00bbdefault\u00bb custom_margin=\u00bb||||false|true\u00bb custom_margin_tablet=\u00bb||||false|true\u00bb custom_margin_phone=\u00bb|-25%||-25%|false|true\u00bb custom_margin_last_edited=\u00bbon|desktop\u00bb global_colors_info=\u00bb{}\u00bb][et_pb_fullwidth_header text_orientation=\u00bbcenter\u00bb header_fullscreen=\u00bbon\u00bb button_one_text=\u00bbCONT\u00c1CTANOS\u00bb button_one_url=\u00bb@ET-DC@eyJkeW5hbWljIjp0cnVlLCJjb250ZW50IjoicG9zdF9saW5rX3VybF9wYWdlIiwic2V0dGluZ3MiOnsicG9zdF9pZCI6IjEzNjYifX0=@\u00bb button_two_url=\u00bb#two\u00bb background_overlay_color=\u00bbRGBA(255,255,255,0)\u00bb content_max_width=\u00bb80%\u00bb _builder_version=\u00bb4.27.4&#8243; _dynamic_attributes=\u00bbbutton_one_url\u00bb _module_preset=\u00bbdefault\u00bb title_font=\u00bb|700|||||||\u00bb title_text_color=\u00bb#ad9685&#8243; title_font_size=\u00bb60px\u00bb title_line_height=\u00bb1.1em\u00bb content_font=\u00bb|300|||||||\u00bb content_text_align=\u00bbcenter\u00bb content_text_color=\u00bb#ad9685&#8243; content_font_size=\u00bb22px\u00bb content_line_height=\u00bb1.5em\u00bb background_color=\u00bb#f7f7f7&#8243; background_enable_image=\u00bboff\u00bb custom_button_one=\u00bbon\u00bb button_one_text_size=\u00bb10px\u00bb button_one_text_color=\u00bb#ad9685&#8243; button_one_bg_color=\u00bbRGBA(255,255,255,0)\u00bb button_one_border_width=\u00bb1px\u00bb button_one_border_color=\u00bb#ad9685&#8243; button_one_font=\u00bbMontserrat|500|||||||\u00bb button_one_custom_margin=\u00bb25px||||false|false\u00bb custom_button_two=\u00bbon\u00bb button_two_text_size=\u00bb50px\u00bb button_two_bg_color=\u00bbrgba(0,0,0,0)\u00bb button_two_border_width=\u00bb0px\u00bb button_two_icon=\u00bb%%25%%\u00bb button_two_on_hover=\u00bboff\u00bb positioning=\u00bbnone\u00bb background_layout=\u00bblight\u00bb width=\u00bb100%\u00bb max_width=\u00bb100%\u00bb title_font_size_tablet=\u00bb45px\u00bb title_font_size_phone=\u00bb35px\u00bb title_line_height_tablet=\u00bb1.1em\u00bb title_line_height_phone=\u00bb1.1em\u00bb content_font_size_tablet=\u00bb20px\u00bb content_font_size_phone=\u00bb16px\u00bb content_font_size_last_edited=\u00bbon|phone\u00bb button_two_text_size_tablet=\u00bb30px\u00bb button_two_text_size_phone=\u00bb\u00bb button_two_text_size_last_edited=\u00bbon|tablet\u00bb custom_css_main_element=\u00bbmin-height: calc(100vh &#8211; 100px);||display: flex;\u00bb locked=\u00bboff\u00bb global_colors_info=\u00bb{}\u00bb custom_css_button_2_last_edited=\u00bboff|desktop\u00bb custom_css_main_element_last_edited=\u00bbon|phone\u00bb custom_css_main_element_phone=\u00bbpadding-top:10vw!important;||min-height: calc(100vh &#8211; 50px);||display: flex;\u00bb custom_css_main_element_tablet=\u00bbmin-height: calc(100vh &#8211; 100px);||display: flex;\u00bb]<\/p>\n<h1 style=\"text-align: center;\">TODO SE TRATA<\/h1>\n<p><\/p>\n<h1 style=\"text-align: center;\">DE LOS DETALLES.<\/h1>\n<p><\/p>\n<p>&nbsp;<\/p>\n<p><\/p>\n<p style=\"text-align: center;\">Somos una empresa basada en una estructura familiar, con un equipo motivado e incansable, guiado firmemente por la \u00e9tica y constantemente comprometido con los 3 pilares principales de la marca: Rigor, compromiso y puntualidad.<\/p>\n<p>[\/et_pb_fullwidth_header][\/et_pb_section][et_pb_section fb_built=\u00bb1&#8243; fullwidth=\u00bbon\u00bb disabled_on=\u00bbon|on|on\u00bb _builder_version=\u00bb4.27.4&#8243; _module_preset=\u00bbdefault\u00bb custom_margin=\u00bb||||false|true\u00bb custom_margin_tablet=\u00bb||||false|true\u00bb custom_margin_phone=\u00bb|-25%||-25%|false|true\u00bb custom_margin_last_edited=\u00bbon|desktop\u00bb disabled=\u00bbon\u00bb global_colors_info=\u00bb{}\u00bb][et_pb_fullwidth_header text_orientation=\u00bbcenter\u00bb header_fullscreen=\u00bbon\u00bb button_one_text=\u00bbCONT\u00c1CTANOS\u00bb button_one_url=\u00bb@ET-DC@eyJkeW5hbWljIjp0cnVlLCJjb250ZW50IjoicG9zdF9saW5rX3VybF9wYWdlIiwic2V0dGluZ3MiOnsicG9zdF9pZCI6IjEzNjYifX0=@\u00bb button_two_url=\u00bb#two\u00bb background_overlay_color=\u00bb#ffd000&#8243; content_max_width=\u00bb80%\u00bb _builder_version=\u00bb4.27.4&#8243; _dynamic_attributes=\u00bbbutton_one_url\u00bb _module_preset=\u00bbdefault\u00bb title_font=\u00bb|700|||||||\u00bb title_text_color=\u00bb#000000&#8243; title_font_size=\u00bb60px\u00bb title_line_height=\u00bb1.1em\u00bb content_font=\u00bb|300|||||||\u00bb content_text_align=\u00bbcenter\u00bb content_text_color=\u00bb#000000&#8243; content_font_size=\u00bb22px\u00bb content_line_height=\u00bb1.5em\u00bb background_enable_color=\u00bboff\u00bb background_image=\u00bbhttps:\/\/mhr.com.pt\/wp\/wp-content\/uploads\/2021\/03\/About_Us_3.jpg\u00bb custom_button_one=\u00bbon\u00bb button_one_text_size=\u00bb10px\u00bb button_one_text_color=\u00bb#000000&#8243; button_one_border_width=\u00bb1px\u00bb button_one_border_color=\u00bb#000000&#8243; button_one_font=\u00bbMontserrat|500|||||||\u00bb button_one_custom_margin=\u00bb25px||||false|false\u00bb custom_button_two=\u00bbon\u00bb button_two_text_size=\u00bb50px\u00bb button_two_bg_color=\u00bbrgba(0,0,0,0)\u00bb button_two_border_width=\u00bb0px\u00bb button_two_icon=\u00bb%%25%%\u00bb button_two_on_hover=\u00bboff\u00bb positioning=\u00bbnone\u00bb background_layout=\u00bblight\u00bb width=\u00bb100%\u00bb max_width=\u00bb100%\u00bb title_font_size_tablet=\u00bb45px\u00bb title_font_size_phone=\u00bb35px\u00bb title_line_height_tablet=\u00bb1.1em\u00bb title_line_height_phone=\u00bb1.1em\u00bb content_font_size_tablet=\u00bb20px\u00bb content_font_size_phone=\u00bb16px\u00bb content_font_size_last_edited=\u00bbon|phone\u00bb button_two_text_size_tablet=\u00bb30px\u00bb button_two_text_size_phone=\u00bb\u00bb button_two_text_size_last_edited=\u00bbon|tablet\u00bb custom_css_main_element=\u00bbmin-height: calc(100vh &#8211; 100px);||display: flex;\u00bb locked=\u00bboff\u00bb global_colors_info=\u00bb{}\u00bb custom_css_button_2_last_edited=\u00bboff|desktop\u00bb custom_css_main_element_last_edited=\u00bbon|phone\u00bb custom_css_main_element_phone=\u00bbpadding-top:10vw!important;||min-height: calc(100vh &#8211; 50px);||display: flex;\u00bb custom_css_main_element_tablet=\u00bbmin-height: calc(100vh &#8211; 100px);||display: flex;\u00bb]<\/p>\n<h1 style=\"text-align: center;\">TODO SE TRATA<\/h1>\n<p><\/p>\n<h1 style=\"text-align: center;\">DE LOS DETALLES.<\/h1>\n<p><\/p>\n<p>&nbsp;<\/p>\n<p><\/p>\n<p style=\"text-align: center;\">Somos una empresa basada en una estructura familiar, con un equipo motivado e incansable, guiado firmemente por la \u00e9tica y constantemente comprometido con los 3 pilares principales de la marca: Rigor, compromiso y puntualidad.<\/p>\n<p>[\/et_pb_fullwidth_header][\/et_pb_section]<\/p>\n","protected":false},"excerpt":{"rendered":"<p>Siempre nos hemos inspirado en la excelencia.Dos hermanos impulsados por el mismo deseo: crear piezas que eleven cada proyecto de decoraci\u00f3n. Creando con la \u201cmente\u201d, pero sin descuidar nunca otra parte importante de la ecuaci\u00f3n, el \u201ccoraz\u00f3n\u201d. Y es con este objetivo que trabajamos cada d\u00eda.&nbsp;INSPIRADOS EN LA EXCELENCIA.&nbsp;Ese fue el punto de partida b\u00e1sico [&hellip;]<\/p>\n","protected":false},"author":1,"featured_media":0,"parent":0,"menu_order":0,"comment_status":"closed","ping_status":"closed","template":"","meta":{"_et_pb_use_builder":"on","_et_pb_old_content":"","_et_gb_content_width":"","footnotes":""},"class_list":["post-253437","page","type-page","status-publish","hentry"],"_links":{"self":[{"href":"https:\/\/mhr.com.pt\/es\/wp-json\/wp\/v2\/pages\/253437","targetHints":{"allow":["GET"]}}],"collection":[{"href":"https:\/\/mhr.com.pt\/es\/wp-json\/wp\/v2\/pages"}],"about":[{"href":"https:\/\/mhr.com.pt\/es\/wp-json\/wp\/v2\/types\/page"}],"author":[{"embeddable":true,"href":"https:\/\/mhr.com.pt\/es\/wp-json\/wp\/v2\/users\/1"}],"replies":[{"embeddable":true,"href":"https:\/\/mhr.com.pt\/es\/wp-json\/wp\/v2\/comments?post=253437"}],"version-history":[{"count":6,"href":"https:\/\/mhr.com.pt\/es\/wp-json\/wp\/v2\/pages\/253437\/revisions"}],"predecessor-version":[{"id":255104,"href":"https:\/\/mhr.com.pt\/es\/wp-json\/wp\/v2\/pages\/253437\/revisions\/255104"}],"wp:attachment":[{"href":"https:\/\/mhr.com.pt\/es\/wp-json\/wp\/v2\/media?parent=253437"}],"curies":[{"name":"wp","href":"https:\/\/api.w.org\/{rel}","templated":true}]}}