{"id":253453,"date":"2020-09-28T13:05:05","date_gmt":"2020-09-28T12:05:05","guid":{"rendered":"https:\/\/mhr.com.pt\/politica-de-privacidad\/"},"modified":"2025-12-19T16:49:09","modified_gmt":"2025-12-19T16:49:09","slug":"politica-de-privacidad","status":"publish","type":"page","link":"https:\/\/mhr.com.pt\/es\/politica-de-privacidad\/","title":{"rendered":"Pol\u00edtica de Privacidad"},"content":{"rendered":"<p>[et_pb_section fb_built=\u00bb1&#8243; _builder_version=\u00bb4.18.0&#8243; background_color=\u00bb#f4f4f4&#8243; global_colors_info=\u00bb{}\u00bb][et_pb_row _builder_version=\u00bb4.16&#8243; background_size=\u00bbinitial\u00bb background_position=\u00bbtop_left\u00bb background_repeat=\u00bbrepeat\u00bb custom_margin=\u00bb100px||||false|false\u00bb global_colors_info=\u00bb{}\u00bb][et_pb_column type=\u00bb4_4&#8243; _builder_version=\u00bb4.16&#8243; custom_padding=\u00bb|||\u00bb global_colors_info=\u00bb{}\u00bb custom_padding__hover=\u00bb|||\u00bb][et_pb_text _builder_version=\u00bb4.18.0&#8243; background_size=\u00bbinitial\u00bb background_position=\u00bbtop_left\u00bb background_repeat=\u00bbrepeat\u00bb custom_padding=\u00bb25px||||false|false\u00bb hover_enabled=\u00bb0&#8243; global_colors_info=\u00bb{}\u00bb sticky_enabled=\u00bb0&#8243;]<\/p>\n<h2>Pol\u00edtica de Privacidad de MHR<\/h2>\n<p><\/p>\n<p>Toda la informaci\u00f3n personal que se recopile se utilizar\u00e1 para hacer que su visita a nuestro sitio sea lo m\u00e1s productiva y agradable posible. La garant\u00eda de la confidencialidad de los datos personales de los usuarios de nuestro sitio es importante para MHR. La informaci\u00f3n personal recopilada puede incluir su nombre, correo electr\u00f3nico, tel\u00e9fono y\/o n\u00famero de m\u00f3vil, direcci\u00f3n, fecha de nacimiento y\/o otros. El uso del sitio web de MHR presupone la aceptaci\u00f3n de este Acuerdo de Privacidad.<\/p>\n<p><\/p>\n<h2>Qui\u00e9nes somos<\/h2>\n<p><\/p>\n<p>MHR es una marca en crecimiento que aparece en el mercado como un s\u00edmbolo de confianza, cumplimiento y preservaci\u00f3n del orgullo de sus productos.\u2028Es una empresa basada en una estructura familiar, pero que hoy reconoce una presencia destacada no solo a nivel nacional, sino tambi\u00e9n internacional. La direcci\u00f3n de nuestro sitio web es: <a href=\"https:\/\/mhr.com.pt\/es\/\">https:\/\/mhr.com.pt<\/a><\/p>\n<p><\/p>\n<h2>Qu\u00e9 datos personales se recopilan y c\u00f3mo se recopilan<\/h2>\n<p><\/p>\n<h3>Formularios de contacto<\/h3>\n<p><\/p>\n<p>La informaci\u00f3n enviada a trav\u00e9s de los formularios de contacto del sitio web se env\u00eda al correo electr\u00f3nico de la empresa, alojado en el servidor. Aunque conservamos estas solicitudes para fines de atenci\u00f3n al cliente, nunca se utilizan con fines de marketing ni se comparten con terceros. Se pueden recopilar datos como nombre, correo electr\u00f3nico, tel\u00e9fono, direcci\u00f3n, c\u00f3digo postal, ciudad, pa\u00eds y n\u00famero fiscal \u00fanicamente para responder a solicitudes de presupuesto y contacto.<\/p>\n<p><\/p>\n<h3>Cookies<\/h3>\n<p><\/p>\n<h3>\u00bfQu\u00e9 son las cookies?<\/h3>\n<p><\/p>\n<p>Las \u201ccookies\u201d son peque\u00f1as etiquetas de software que se almacenan en los dispositivos de acceso a trav\u00e9s del navegador, reteniendo \u00fanicamente informaci\u00f3n relacionada con preferencias, sin incluir datos personales.<\/p>\n<p><\/p>\n<h3>\u00bfQu\u00e9 tipos de cookies existen?<\/h3>\n<p><\/p>\n<p>Existen dos grupos de cookies:<\/p>\n<p><\/p>\n<p><strong>Cookies permanentes<\/strong> \u2013 Son cookies que se almacenan a nivel del navegador en el equipo de acceso (PC, m\u00f3vil y tablet) y se utilizan cada vez que se visita nuestro sitio web nuevamente.<\/p>\n<p><\/p>\n<p><strong>Cookies de sesi\u00f3n<\/strong> \u2013 Son cookies temporales que permanecen en el archivo de cookies del navegador hasta que se abandona el sitio web. La informaci\u00f3n obtenida por estas cookies se utiliza para analizar patrones de tr\u00e1fico web, permitiendo identificar problemas y ofrecer una mejor experiencia de navegaci\u00f3n.<\/p>\n<p><\/p>\n<h3>\u00bfPara qu\u00e9 se utilizan las cookies?<\/h3>\n<p><\/p>\n<p><strong>Cookies estrictamente necesarias<\/strong> \u2013 Permiten la navegaci\u00f3n en el sitio web y el uso de aplicaciones, as\u00ed como el acceso a \u00e1reas seguras del sitio web. Sin estas cookies, no se pueden proporcionar los servicios requeridos.<\/p>\n<p><\/p>\n<p><strong>Cookies anal\u00edticas<\/strong> \u2013 Se utilizan de forma an\u00f3nima para crear y analizar estad\u00edsticas, con el fin de mejorar el funcionamiento del sitio web.<\/p>\n<p><\/p>\n<p><strong>Cookies de funcionalidad<\/strong> \u2013 Almacenan las preferencias del usuario respecto al uso del sitio web, para que no sea necesario reconfigurarlo en cada visita.<\/p>\n<p><\/p>\n<p><strong>Cookies de terceros<\/strong> \u2013 Miden el \u00e9xito de las aplicaciones y la efectividad de la publicidad de terceros. Tambi\u00e9n se pueden usar para personalizar un widget con datos del usuario.<\/p>\n<p><\/p>\n<p><strong>Cookies publicitarias<\/strong> \u2013 Dirigen la publicidad seg\u00fan los intereses de cada usuario, para orientar campa\u00f1as publicitarias teniendo en cuenta sus gustos, y adem\u00e1s limitan el n\u00famero de veces que se muestra el anuncio, ayudando a medir la efectividad publicitaria y el \u00e9xito de la organizaci\u00f3n del sitio web.<\/p>\n<p><\/p>\n<h3>\u00bfC\u00f3mo se pueden gestionar las cookies?<\/h3>\n<p><\/p>\n<p>Todos los navegadores permiten al usuario aceptar, rechazar o eliminar cookies, e informar al usuario cada vez que se recibe una cookie, mediante la selecci\u00f3n de la configuraci\u00f3n correspondiente en el navegador. El usuario puede configurar las cookies en el men\u00fa de \u00abopciones\u00bb o \u00abpreferencias\u00bb de su navegador. Tenga en cuenta, sin embargo, que al desactivar las cookies, algunos servicios web pueden no funcionar correctamente, afectando en parte o en su totalidad la navegaci\u00f3n por el sitio web.<\/p>\n<p><\/p>\n<h3>M\u00e1s informaci\u00f3n sobre cookies<\/h3>\n<p><\/p>\n<p>Para obtener m\u00e1s informaci\u00f3n sobre las cookies, consulte el siguiente enlace: <a href=\"http:\/\/www.allaboutcookies.org\/\" target=\"_blank\" rel=\"noreferrer noopener\">http:\/\/www.allaboutcookies.org\/<\/a><\/p>\n<p><\/p>\n<h3>Contenido incrustado de otros sitios web<\/h3>\n<p><\/p>\n<p>Los art\u00edculos de este sitio pueden incluir contenido incrustado (por ejemplo, v\u00eddeos, im\u00e1genes, art\u00edculos, etc.). El contenido incrustado de otros sitios web se comporta como si el usuario estuviera visitando esos sitios web.<\/p>\n<p><\/p>\n<p>Este sitio puede recopilar datos sobre usted, usar cookies, incorporar seguimiento de terceros, monitorear sus interacciones con el mismo, incluyendo la grabaci\u00f3n de interacciones con contenido incrustado si tiene una cuenta y ha iniciado sesi\u00f3n en este sitio.<\/p>\n<p><\/p>\n<h3>Datos anal\u00edticos<\/h3>\n<p><\/p>\n<p>Utilizamos Google Analytics para monitorear el rendimiento e interacci\u00f3n de los visitantes con el sitio.<\/p>\n<p><\/p>\n<h2>\u00bfCon qui\u00e9n se comparten sus datos?<\/h2>\n<p><\/p>\n<p>No compartimos sus datos con terceros para revelar ninguna informaci\u00f3n personal, como correo electr\u00f3nico, nombre, etc.<br \/>Este sitio es escaneado en busca de posibles malware y vulnerabilidades por SiteCheck de Sucuri. No enviamos informaci\u00f3n personal a Sucuri; sin embargo, Sucuri puede encontrar informaci\u00f3n personal publicada p\u00fablicamente durante la verificaci\u00f3n. Para m\u00e1s detalles, consulte la <a href=\"https:\/\/sucuri.net\/privacy\" target=\"_blank\" rel=\"noopener\">pol\u00edtica de privacidad de Sucuri<\/a>.<\/p>\n<p><\/p>\n<h2>Qui\u00e9n puede ver su informaci\u00f3n personal<\/h2>\n<p><\/p>\n<p>No recopilamos ninguna informaci\u00f3n sobre usted.<\/p>\n<p><\/p>\n<h2>C\u00f3mo protegemos sus datos y c\u00f3mo procedemos en caso de una brecha de seguridad<\/h2>\n<p><\/p>\n<p>Protegemos los datos de los clientes mediante SSL\/HTTPS en todo el sitio. Esto encripta las comunicaciones del usuario con los servidores para que la informaci\u00f3n personal nunca sea capturada por terceros no autorizados.<\/p>\n<p><\/p>\n<h2>\u00bfD\u00f3nde se env\u00edan sus datos?<\/h2>\n<p><\/p>\n<p>Este sitio web forma parte de una red de sitios web que protege contra ataques de fuerza bruta. Para activar esta protecci\u00f3n, la direcci\u00f3n IP de los visitantes que intentan acceder al sitio se comparte con un servicio proporcionado por wordfence.com. Para detalles sobre la pol\u00edtica de privacidad, consulte la <a href=\"https:\/\/www.wordfence.com\/privacy-policy\/\" target=\"_blank\" rel=\"noopener\">Pol\u00edtica de privacidad de Wordfence<\/a>.<\/p>\n<p><\/p>\n<h2>Informaci\u00f3n adicional<\/h2>\n<p><\/p>\n<p>Para cualquier pregunta relacionada con la privacidad, por favor <a href=\"https:\/\/mhr.com.pt\/es\/contactanos\/\">cont\u00e1ctenos<\/a>.<\/p>\n<p>[\/et_pb_text][\/et_pb_column][\/et_pb_row][\/et_pb_section]<\/p>\n","protected":false},"excerpt":{"rendered":"<p>Pol\u00edtica de Privacidad de MHRToda la informaci\u00f3n personal que se recopile se utilizar\u00e1 para hacer que su visita a nuestro sitio sea lo m\u00e1s productiva y agradable posible. La garant\u00eda de la confidencialidad de los datos personales de los usuarios de nuestro sitio es importante para MHR. La informaci\u00f3n personal recopilada puede incluir su nombre, [&hellip;]<\/p>\n","protected":false},"author":1,"featured_media":0,"parent":0,"menu_order":0,"comment_status":"closed","ping_status":"closed","template":"","meta":{"_et_pb_use_builder":"on","_et_pb_old_content":"","_et_gb_content_width":"","footnotes":""},"class_list":["post-253453","page","type-page","status-publish","hentry"],"_links":{"self":[{"href":"https:\/\/mhr.com.pt\/es\/wp-json\/wp\/v2\/pages\/253453","targetHints":{"allow":["GET"]}}],"collection":[{"href":"https:\/\/mhr.com.pt\/es\/wp-json\/wp\/v2\/pages"}],"about":[{"href":"https:\/\/mhr.com.pt\/es\/wp-json\/wp\/v2\/types\/page"}],"author":[{"embeddable":true,"href":"https:\/\/mhr.com.pt\/es\/wp-json\/wp\/v2\/users\/1"}],"replies":[{"embeddable":true,"href":"https:\/\/mhr.com.pt\/es\/wp-json\/wp\/v2\/comments?post=253453"}],"version-history":[{"count":2,"href":"https:\/\/mhr.com.pt\/es\/wp-json\/wp\/v2\/pages\/253453\/revisions"}],"predecessor-version":[{"id":253455,"href":"https:\/\/mhr.com.pt\/es\/wp-json\/wp\/v2\/pages\/253453\/revisions\/253455"}],"wp:attachment":[{"href":"https:\/\/mhr.com.pt\/es\/wp-json\/wp\/v2\/media?parent=253453"}],"curies":[{"name":"wp","href":"https:\/\/api.w.org\/{rel}","templated":true}]}}