{"id":253456,"date":"2021-05-11T15:47:32","date_gmt":"2021-05-11T14:47:32","guid":{"rendered":"https:\/\/mhr.com.pt\/aviso-legal\/"},"modified":"2025-12-19T16:53:40","modified_gmt":"2025-12-19T16:53:40","slug":"aviso-legal","status":"publish","type":"page","link":"https:\/\/mhr.com.pt\/es\/aviso-legal\/","title":{"rendered":"Aviso Legal"},"content":{"rendered":"<p>[et_pb_section fb_built=\u00bb1&#8243; _builder_version=\u00bb4.18.0&#8243; background_color=\u00bb#f4f4f4&#8243; hover_enabled=\u00bb0&#8243; global_colors_info=\u00bb{}\u00bb sticky_enabled=\u00bb0&#8243;][et_pb_row _builder_version=\u00bb4.16&#8243; background_size=\u00bbinitial\u00bb background_position=\u00bbtop_left\u00bb background_repeat=\u00bbrepeat\u00bb custom_margin=\u00bb100px||||false|false\u00bb custom_padding=\u00bb35px||||false|false\u00bb global_colors_info=\u00bb{}\u00bb][et_pb_column type=\u00bb4_4&#8243; _builder_version=\u00bb4.16&#8243; custom_padding=\u00bb|||\u00bb global_colors_info=\u00bb{}\u00bb custom_padding__hover=\u00bb|||\u00bb][et_pb_text _builder_version=\u00bb4.18.0&#8243; background_size=\u00bbinitial\u00bb background_position=\u00bbtop_left\u00bb background_repeat=\u00bbrepeat\u00bb custom_padding=\u00bb25px||||false|false\u00bb global_colors_info=\u00bb{}\u00bb]<\/p>\n<h2>Avisos Legales<\/h2>\n<p><\/p>\n<div class=\"text\">\n<p>&nbsp;<\/p>\n<p><strong>Avisos Legales<\/strong><\/p>\n<p>El usuario de este sitio web debe leer esta informaci\u00f3n y no debe continuar utiliz\u00e1ndolo si no est\u00e1 de acuerdo con estas condiciones.<\/p>\n<p>La gesti\u00f3n de este sitio web es llevada a cabo por MHR.<\/p>\n<p><strong>Uso indebido<\/strong><\/p>\n<p>Cualquier intento de modificar informaci\u00f3n, cargar informaci\u00f3n o cualquier otra acci\u00f3n que pueda causar da\u00f1os y poner en peligro la integridad del sistema est\u00e1 prohibido y sancionado por la ley.<\/p>\n<p><strong>Protecci\u00f3n de derechos de autor<\/strong><\/p>\n<p>Todo el contenido material de este sitio web, incluidos videos, gr\u00e1ficos, textos, im\u00e1genes, dibujos, m\u00fasica, sonidos y otra informaci\u00f3n, est\u00e1 protegido por derechos de autor y derechos conexos y derechos de propiedad industrial, seg\u00fan las leyes portuguesas y de la Uni\u00f3n Europea y otros acuerdos y convenios internacionales, y no puede ser utilizado fuera de las condiciones permitidas.<\/p>\n<p>El usuario puede copiar, importar o usar parte o la totalidad de la informaci\u00f3n de este sitio web para uso personal o p\u00fablico de forma gratuita, siempre que no tenga fines lucrativos u ofensivos y se mencione la fuente de la informaci\u00f3n.<\/p>\n<p>Con respecto a los sitios a los que este portal enlaza, se debe obtener autorizaci\u00f3n de los autores o hacer referencia a la fuente de acuerdo con las declaraciones de derechos de autor correspondientes.<\/p>\n<p><strong>Exenci\u00f3n de responsabilidad<\/strong><\/p>\n<p>La informaci\u00f3n contenida en el sitio web es de car\u00e1cter general y no necesariamente exhaustiva, completa o actualizada.<br \/>Como no se ejerce control sobre los contenidos, productos y servicios ofrecidos por terceros, se excluye la responsabilidad por la calidad o veracidad de la informaci\u00f3n proveniente de enlaces hipertextuales.<br \/>Consultar cualquier diploma legal disponible en el sitio web no exime de consultar el Diario da Rep\u00fablica.<\/p>\n<p><strong>Declaraci\u00f3n de confidencialidad<\/strong><\/p>\n<p>De acuerdo con el art\u00edculo 35 de la Constituci\u00f3n de la Rep\u00fablica Portuguesa, el Reglamento (UE) 2016\/679 del Parlamento y del Consejo, de 27 de abril de 2016, sobre la protecci\u00f3n de las personas en relaci\u00f3n con el tratamiento de datos personales y la Ley 58\/2019, de 8 de agosto, que asegura la implementaci\u00f3n respectiva de este Reglamento en el sistema legal nacional, la informaci\u00f3n recopilada sobre los visitantes del sitio web no es de car\u00e1cter personal, garantizando la confidencialidad de la identidad del visitante.<\/p>\n<p><strong>Pol\u00edtica de Protecci\u00f3n de Datos Personales<\/strong><\/p>\n<p>En el marco de su actividad, MHR recopila y procesa datos personales para cumplir con las obligaciones legales a las que est\u00e1 sujeta. Si la recopilaci\u00f3n y el tratamiento de sus datos personales no resultan de una obligaci\u00f3n legal o contractual, MHR solicitar\u00e1 siempre al interesado su consentimiento libre, espec\u00edfico, informado e inequ\u00edvoco para recopilar y procesar dichos datos con los fines indicados.<br \/>MHR, como entidad responsable del tratamiento, se compromete a garantizar la confidencialidad y seguridad en la recopilaci\u00f3n y procesamiento de datos personales, asegurando que solo se utilizar\u00e1n para los fines expresamente autorizados y se conservar\u00e1n \u00fanicamente durante el per\u00edodo considerado necesario para cumplir el prop\u00f3sito para el que se recaban.<br \/>El interesado tiene derecho a solicitar a MHR el acceso a los datos personales que le conciernan, su rectificaci\u00f3n o eliminaci\u00f3n, la limitaci\u00f3n del tratamiento de sus datos y la portabilidad de los mismos cuando sea t\u00e9cnicamente posible. El interesado puede oponerse al tratamiento o retirar, en cualquier momento, el consentimiento previamente otorgado.<br \/>Para ejercer sus derechos, el interesado debe enviar una solicitud al Responsable de Protecci\u00f3n de Datos a uno de los siguientes contactos:<\/p>\n<p>Correo electr\u00f3nico: <a href=\"mailto:geral@mhr.com.pt\">geral@mhr.com.pt<\/a><\/p>\n<p>El interesado tambi\u00e9n puede presentar una reclamaci\u00f3n ante la autoridad supervisora, la Comisi\u00f3n Nacional de Protecci\u00f3n de Datos.<\/p>\n<\/div>\n<p>[\/et_pb_text][\/et_pb_column][\/et_pb_row][\/et_pb_section]<\/p>\n","protected":false},"excerpt":{"rendered":"<p>Avisos Legales &nbsp; Avisos Legales El usuario de este sitio web debe leer esta informaci\u00f3n y no debe continuar utiliz\u00e1ndolo si no est\u00e1 de acuerdo con estas condiciones. La gesti\u00f3n de este sitio web es llevada a cabo por MHR. Uso indebido Cualquier intento de modificar informaci\u00f3n, cargar informaci\u00f3n o cualquier otra acci\u00f3n que pueda [&hellip;]<\/p>\n","protected":false},"author":1,"featured_media":0,"parent":0,"menu_order":0,"comment_status":"closed","ping_status":"closed","template":"","meta":{"_et_pb_use_builder":"on","_et_pb_old_content":"","_et_gb_content_width":"","footnotes":""},"class_list":["post-253456","page","type-page","status-publish","hentry"],"_links":{"self":[{"href":"https:\/\/mhr.com.pt\/es\/wp-json\/wp\/v2\/pages\/253456","targetHints":{"allow":["GET"]}}],"collection":[{"href":"https:\/\/mhr.com.pt\/es\/wp-json\/wp\/v2\/pages"}],"about":[{"href":"https:\/\/mhr.com.pt\/es\/wp-json\/wp\/v2\/types\/page"}],"author":[{"embeddable":true,"href":"https:\/\/mhr.com.pt\/es\/wp-json\/wp\/v2\/users\/1"}],"replies":[{"embeddable":true,"href":"https:\/\/mhr.com.pt\/es\/wp-json\/wp\/v2\/comments?post=253456"}],"version-history":[{"count":2,"href":"https:\/\/mhr.com.pt\/es\/wp-json\/wp\/v2\/pages\/253456\/revisions"}],"predecessor-version":[{"id":253458,"href":"https:\/\/mhr.com.pt\/es\/wp-json\/wp\/v2\/pages\/253456\/revisions\/253458"}],"wp:attachment":[{"href":"https:\/\/mhr.com.pt\/es\/wp-json\/wp\/v2\/media?parent=253456"}],"curies":[{"name":"wp","href":"https:\/\/api.w.org\/{rel}","templated":true}]}}