{"id":253627,"date":"2021-02-25T15:01:49","date_gmt":"2021-02-25T15:01:49","guid":{"rendered":"https:\/\/mhr.com.pt\/product\/dali\/"},"modified":"2021-02-25T15:01:49","modified_gmt":"2021-02-25T15:01:49","slug":"dali","status":"publish","type":"product","link":"https:\/\/mhr.com.pt\/es\/product\/dali\/","title":{"rendered":"Dali."},"content":{"rendered":"<p>nspirado en el estilo franc\u00e9s, el sill\u00f3n Dali incorpora lujo y un dise\u00f1o cl\u00e1sico que se adapta f\u00e1cilmente a una variedad de est\u00e9ticas de interiores, desde lo tradicional hasta lo contempor\u00e1neo.<\/p>\n<p>Sus capiton\u00e9s distintivos definen su car\u00e1cter, aportando un toque de refinamiento burgu\u00e9s a cualquier espacio.<\/p>\n<p>Las patas delicadas, combinadas con acabados espec\u00edficos, pueden convertirse en un elemento destacado, realzando la elegancia general del sill\u00f3n.<\/p>\n","protected":false},"excerpt":{"rendered":"<p>SILL\u00d3N<\/p>\n","protected":false},"featured_media":253628,"template":"","meta":{"_et_pb_use_builder":"","_et_pb_old_content":"","_et_gb_content_width":""},"product_brand":[],"product_cat":[604],"product_tag":[],"class_list":{"0":"post-253627","1":"product","2":"type-product","3":"status-publish","4":"has-post-thumbnail","6":"product_cat-sillones","8":"first","9":"instock","10":"virtual","11":"product-type-simple"},"_links":{"self":[{"href":"https:\/\/mhr.com.pt\/es\/wp-json\/wp\/v2\/product\/253627","targetHints":{"allow":["GET"]}}],"collection":[{"href":"https:\/\/mhr.com.pt\/es\/wp-json\/wp\/v2\/product"}],"about":[{"href":"https:\/\/mhr.com.pt\/es\/wp-json\/wp\/v2\/types\/product"}],"wp:featuredmedia":[{"embeddable":true,"href":"https:\/\/mhr.com.pt\/es\/wp-json\/wp\/v2\/media\/253628"}],"wp:attachment":[{"href":"https:\/\/mhr.com.pt\/es\/wp-json\/wp\/v2\/media?parent=253627"}],"wp:term":[{"taxonomy":"product_brand","embeddable":true,"href":"https:\/\/mhr.com.pt\/es\/wp-json\/wp\/v2\/product_brand?post=253627"},{"taxonomy":"product_cat","embeddable":true,"href":"https:\/\/mhr.com.pt\/es\/wp-json\/wp\/v2\/product_cat?post=253627"},{"taxonomy":"product_tag","embeddable":true,"href":"https:\/\/mhr.com.pt\/es\/wp-json\/wp\/v2\/product_tag?post=253627"}],"curies":[{"name":"wp","href":"https:\/\/api.w.org\/{rel}","templated":true}]}}