{"id":253640,"date":"2022-10-27T16:24:52","date_gmt":"2022-10-27T15:24:52","guid":{"rendered":"https:\/\/mhr.com.pt\/product\/jacques\/"},"modified":"2022-10-27T16:24:52","modified_gmt":"2022-10-27T15:24:52","slug":"jacques","status":"publish","type":"product","link":"https:\/\/mhr.com.pt\/es\/product\/jacques\/","title":{"rendered":"Jacques."},"content":{"rendered":"<p>Inspirado en las l\u00edneas cl\u00e1sicas de los a\u00f1os 70, el sill\u00f3n Jacques presenta un perfil alargado y estilizado, complementado por un asiento generosamente acolchado que garantiza un confort superior.<\/p>\n<p>Su silueta refinada rinde homenaje a la elegancia retro, ofreciendo un toque contempor\u00e1neo que convierte a Jacques en una adici\u00f3n perfecta para interiores modernos y con inspiraci\u00f3n vintage.<\/p>\n","protected":false},"excerpt":{"rendered":"<p>SILL\u00d3N<\/p>\n","protected":false},"featured_media":253641,"template":"","meta":{"_et_pb_use_builder":"","_et_pb_old_content":"","_et_gb_content_width":""},"product_brand":[],"product_cat":[604],"product_tag":[],"class_list":{"0":"post-253640","1":"product","2":"type-product","3":"status-publish","4":"has-post-thumbnail","6":"product_cat-sillones","8":"first","9":"instock","10":"virtual","11":"product-type-simple"},"_links":{"self":[{"href":"https:\/\/mhr.com.pt\/es\/wp-json\/wp\/v2\/product\/253640","targetHints":{"allow":["GET"]}}],"collection":[{"href":"https:\/\/mhr.com.pt\/es\/wp-json\/wp\/v2\/product"}],"about":[{"href":"https:\/\/mhr.com.pt\/es\/wp-json\/wp\/v2\/types\/product"}],"wp:featuredmedia":[{"embeddable":true,"href":"https:\/\/mhr.com.pt\/es\/wp-json\/wp\/v2\/media\/253641"}],"wp:attachment":[{"href":"https:\/\/mhr.com.pt\/es\/wp-json\/wp\/v2\/media?parent=253640"}],"wp:term":[{"taxonomy":"product_brand","embeddable":true,"href":"https:\/\/mhr.com.pt\/es\/wp-json\/wp\/v2\/product_brand?post=253640"},{"taxonomy":"product_cat","embeddable":true,"href":"https:\/\/mhr.com.pt\/es\/wp-json\/wp\/v2\/product_cat?post=253640"},{"taxonomy":"product_tag","embeddable":true,"href":"https:\/\/mhr.com.pt\/es\/wp-json\/wp\/v2\/product_tag?post=253640"}],"curies":[{"name":"wp","href":"https:\/\/api.w.org\/{rel}","templated":true}]}}