{"id":253654,"date":"2022-10-27T16:48:45","date_gmt":"2022-10-27T15:48:45","guid":{"rendered":"https:\/\/mhr.com.pt\/product\/m51\/"},"modified":"2022-10-27T16:48:45","modified_gmt":"2022-10-27T15:48:45","slug":"m51","status":"publish","type":"product","link":"https:\/\/mhr.com.pt\/es\/product\/m51\/","title":{"rendered":"M51."},"content":{"rendered":"<p>El sill\u00f3n M51 cuenta con un reposabrazos pronunciado con l\u00edneas curvas que se integran perfectamente con su est\u00e9tica contempor\u00e1nea, ofreciendo una experiencia de asiento envolvente.<\/p>\n<p>La base estructurada, cl\u00e1sica pero sencilla, proporciona el soporte perfecto, convirti\u00e9ndolo en una adici\u00f3n vers\u00e1til tanto para interiores tradicionales como modernos.<\/p>\n","protected":false},"excerpt":{"rendered":"<p>SILL\u00d3N<\/p>\n","protected":false},"featured_media":253655,"template":"","meta":{"_et_pb_use_builder":"","_et_pb_old_content":"","_et_gb_content_width":""},"product_brand":[],"product_cat":[604],"product_tag":[],"class_list":{"0":"post-253654","1":"product","2":"type-product","3":"status-publish","4":"has-post-thumbnail","6":"product_cat-sillones","8":"first","9":"instock","10":"virtual","11":"product-type-simple"},"_links":{"self":[{"href":"https:\/\/mhr.com.pt\/es\/wp-json\/wp\/v2\/product\/253654","targetHints":{"allow":["GET"]}}],"collection":[{"href":"https:\/\/mhr.com.pt\/es\/wp-json\/wp\/v2\/product"}],"about":[{"href":"https:\/\/mhr.com.pt\/es\/wp-json\/wp\/v2\/types\/product"}],"wp:featuredmedia":[{"embeddable":true,"href":"https:\/\/mhr.com.pt\/es\/wp-json\/wp\/v2\/media\/253655"}],"wp:attachment":[{"href":"https:\/\/mhr.com.pt\/es\/wp-json\/wp\/v2\/media?parent=253654"}],"wp:term":[{"taxonomy":"product_brand","embeddable":true,"href":"https:\/\/mhr.com.pt\/es\/wp-json\/wp\/v2\/product_brand?post=253654"},{"taxonomy":"product_cat","embeddable":true,"href":"https:\/\/mhr.com.pt\/es\/wp-json\/wp\/v2\/product_cat?post=253654"},{"taxonomy":"product_tag","embeddable":true,"href":"https:\/\/mhr.com.pt\/es\/wp-json\/wp\/v2\/product_tag?post=253654"}],"curies":[{"name":"wp","href":"https:\/\/api.w.org\/{rel}","templated":true}]}}