{"id":253659,"date":"2022-10-27T16:48:59","date_gmt":"2022-10-27T15:48:59","guid":{"rendered":"https:\/\/mhr.com.pt\/product\/kyle\/"},"modified":"2022-10-27T16:48:59","modified_gmt":"2022-10-27T15:48:59","slug":"kyle","status":"publish","type":"product","link":"https:\/\/mhr.com.pt\/es\/product\/kyle\/","title":{"rendered":"Kyle."},"content":{"rendered":"<p>El sill\u00f3n Kyle prioriza la comodidad con su respaldo alto y acolchado que ofrece un soporte excepcional.<\/p>\n<p>El dise\u00f1o del reposabrazos imita la posici\u00f3n natural del brazo humano, comenzando a la altura del hombro y descendiendo para apoyar el antebrazo, creando una armon\u00eda equilibrada entre el respaldo alto y el reposabrazos.<\/p>\n<p>Con su funci\u00f3n giratoria, el Kyle ofrece versatilidad y diversas posibilidades de colocaci\u00f3n dentro de una habitaci\u00f3n, siendo a la vez funcional y elegante.<\/p>\n","protected":false},"excerpt":{"rendered":"<p>SILL\u00d3N &amp; REPOSAPI\u00c9S<\/p>\n","protected":false},"featured_media":253660,"template":"","meta":{"_et_pb_use_builder":"","_et_pb_old_content":"","_et_gb_content_width":""},"product_brand":[],"product_cat":[604],"product_tag":[],"class_list":{"0":"post-253659","1":"product","2":"type-product","3":"status-publish","4":"has-post-thumbnail","6":"product_cat-sillones","8":"first","9":"instock","10":"virtual","11":"product-type-simple"},"_links":{"self":[{"href":"https:\/\/mhr.com.pt\/es\/wp-json\/wp\/v2\/product\/253659","targetHints":{"allow":["GET"]}}],"collection":[{"href":"https:\/\/mhr.com.pt\/es\/wp-json\/wp\/v2\/product"}],"about":[{"href":"https:\/\/mhr.com.pt\/es\/wp-json\/wp\/v2\/types\/product"}],"wp:featuredmedia":[{"embeddable":true,"href":"https:\/\/mhr.com.pt\/es\/wp-json\/wp\/v2\/media\/253660"}],"wp:attachment":[{"href":"https:\/\/mhr.com.pt\/es\/wp-json\/wp\/v2\/media?parent=253659"}],"wp:term":[{"taxonomy":"product_brand","embeddable":true,"href":"https:\/\/mhr.com.pt\/es\/wp-json\/wp\/v2\/product_brand?post=253659"},{"taxonomy":"product_cat","embeddable":true,"href":"https:\/\/mhr.com.pt\/es\/wp-json\/wp\/v2\/product_cat?post=253659"},{"taxonomy":"product_tag","embeddable":true,"href":"https:\/\/mhr.com.pt\/es\/wp-json\/wp\/v2\/product_tag?post=253659"}],"curies":[{"name":"wp","href":"https:\/\/api.w.org\/{rel}","templated":true}]}}