{"id":253667,"date":"2022-10-27T16:57:47","date_gmt":"2022-10-27T15:57:47","guid":{"rendered":"https:\/\/mhr.com.pt\/product\/m52\/"},"modified":"2022-10-27T16:57:47","modified_gmt":"2022-10-27T15:57:47","slug":"m52","status":"publish","type":"product","link":"https:\/\/mhr.com.pt\/es\/product\/m52\/","title":{"rendered":"M52."},"content":{"rendered":"<p>Con sus l\u00edneas rectas predominantes, el sill\u00f3n M52 muestra un dise\u00f1o minimalista basado en una forma cuadrada, manteniendo, sin embargo, una postura delicada.<\/p>\n<p>La base crea la ilusi\u00f3n de suspensi\u00f3n, proporcionando una sensaci\u00f3n de espacio y ligereza entre el sill\u00f3n y el suelo, a\u00f1adiendo un toque de sofisticaci\u00f3n moderna a cualquier entorno.<\/p>\n","protected":false},"excerpt":{"rendered":"<p>SILL\u00d3N<\/p>\n","protected":false},"featured_media":253668,"template":"","meta":{"_et_pb_use_builder":"","_et_pb_old_content":"","_et_gb_content_width":""},"product_brand":[],"product_cat":[604],"product_tag":[],"class_list":{"0":"post-253667","1":"product","2":"type-product","3":"status-publish","4":"has-post-thumbnail","6":"product_cat-sillones","8":"first","9":"instock","10":"virtual","11":"product-type-simple"},"_links":{"self":[{"href":"https:\/\/mhr.com.pt\/es\/wp-json\/wp\/v2\/product\/253667","targetHints":{"allow":["GET"]}}],"collection":[{"href":"https:\/\/mhr.com.pt\/es\/wp-json\/wp\/v2\/product"}],"about":[{"href":"https:\/\/mhr.com.pt\/es\/wp-json\/wp\/v2\/types\/product"}],"wp:featuredmedia":[{"embeddable":true,"href":"https:\/\/mhr.com.pt\/es\/wp-json\/wp\/v2\/media\/253668"}],"wp:attachment":[{"href":"https:\/\/mhr.com.pt\/es\/wp-json\/wp\/v2\/media?parent=253667"}],"wp:term":[{"taxonomy":"product_brand","embeddable":true,"href":"https:\/\/mhr.com.pt\/es\/wp-json\/wp\/v2\/product_brand?post=253667"},{"taxonomy":"product_cat","embeddable":true,"href":"https:\/\/mhr.com.pt\/es\/wp-json\/wp\/v2\/product_cat?post=253667"},{"taxonomy":"product_tag","embeddable":true,"href":"https:\/\/mhr.com.pt\/es\/wp-json\/wp\/v2\/product_tag?post=253667"}],"curies":[{"name":"wp","href":"https:\/\/api.w.org\/{rel}","templated":true}]}}