{"id":253677,"date":"2022-10-27T17:02:01","date_gmt":"2022-10-27T16:02:01","guid":{"rendered":"https:\/\/mhr.com.pt\/product\/m54\/"},"modified":"2022-10-27T17:02:01","modified_gmt":"2022-10-27T16:02:01","slug":"m54","status":"publish","type":"product","link":"https:\/\/mhr.com.pt\/es\/product\/m54\/","title":{"rendered":"M54."},"content":{"rendered":"<p>El sill\u00f3n M54 est\u00e1 dise\u00f1ado con un movimiento sutil, presentando un reposabrazos muy estrecho pero bien acolchado que contrasta con el asiento voluminoso y de gran presencia.<\/p>\n<p>La base delgada y delicada se alinea con el reposabrazos, realzando la ligereza y la elegancia del sill\u00f3n, convirti\u00e9ndolo en una adici\u00f3n sofisticada a cualquier estancia.<\/p>\n","protected":false},"excerpt":{"rendered":"<p>SILL\u00d3N<\/p>\n","protected":false},"featured_media":253678,"template":"","meta":{"_et_pb_use_builder":"","_et_pb_old_content":"","_et_gb_content_width":""},"product_brand":[],"product_cat":[604],"product_tag":[],"class_list":{"0":"post-253677","1":"product","2":"type-product","3":"status-publish","4":"has-post-thumbnail","6":"product_cat-sillones","8":"first","9":"instock","10":"virtual","11":"product-type-simple"},"_links":{"self":[{"href":"https:\/\/mhr.com.pt\/es\/wp-json\/wp\/v2\/product\/253677","targetHints":{"allow":["GET"]}}],"collection":[{"href":"https:\/\/mhr.com.pt\/es\/wp-json\/wp\/v2\/product"}],"about":[{"href":"https:\/\/mhr.com.pt\/es\/wp-json\/wp\/v2\/types\/product"}],"wp:featuredmedia":[{"embeddable":true,"href":"https:\/\/mhr.com.pt\/es\/wp-json\/wp\/v2\/media\/253678"}],"wp:attachment":[{"href":"https:\/\/mhr.com.pt\/es\/wp-json\/wp\/v2\/media?parent=253677"}],"wp:term":[{"taxonomy":"product_brand","embeddable":true,"href":"https:\/\/mhr.com.pt\/es\/wp-json\/wp\/v2\/product_brand?post=253677"},{"taxonomy":"product_cat","embeddable":true,"href":"https:\/\/mhr.com.pt\/es\/wp-json\/wp\/v2\/product_cat?post=253677"},{"taxonomy":"product_tag","embeddable":true,"href":"https:\/\/mhr.com.pt\/es\/wp-json\/wp\/v2\/product_tag?post=253677"}],"curies":[{"name":"wp","href":"https:\/\/api.w.org\/{rel}","templated":true}]}}