{"id":253684,"date":"2022-10-27T17:08:19","date_gmt":"2022-10-27T16:08:19","guid":{"rendered":"https:\/\/mhr.com.pt\/product\/m55\/"},"modified":"2022-10-27T17:08:19","modified_gmt":"2022-10-27T16:08:19","slug":"m55","status":"publish","type":"product","link":"https:\/\/mhr.com.pt\/es\/product\/m55\/","title":{"rendered":"M55."},"content":{"rendered":"<p>El sill\u00f3n M55 se caracteriza por su forma redondeada, su apariencia acolchada y volum\u00e9trica, ofreciendo tanto comodidad como atractivo visual.<\/p>\n<p>Disponible en dos tama\u00f1os, es lo suficientemente vers\u00e1til para adaptarse a diversos espacios, convirti\u00e9ndose en un punto focal acogedor y elegante en cualquier habitaci\u00f3n.<\/p>\n","protected":false},"excerpt":{"rendered":"<p>SILL\u00d3N<\/p>\n","protected":false},"featured_media":253685,"template":"","meta":{"_et_pb_use_builder":"","_et_pb_old_content":"","_et_gb_content_width":""},"product_brand":[],"product_cat":[604],"product_tag":[],"class_list":{"0":"post-253684","1":"product","2":"type-product","3":"status-publish","4":"has-post-thumbnail","6":"product_cat-sillones","8":"first","9":"instock","10":"virtual","11":"product-type-simple"},"_links":{"self":[{"href":"https:\/\/mhr.com.pt\/es\/wp-json\/wp\/v2\/product\/253684","targetHints":{"allow":["GET"]}}],"collection":[{"href":"https:\/\/mhr.com.pt\/es\/wp-json\/wp\/v2\/product"}],"about":[{"href":"https:\/\/mhr.com.pt\/es\/wp-json\/wp\/v2\/types\/product"}],"wp:featuredmedia":[{"embeddable":true,"href":"https:\/\/mhr.com.pt\/es\/wp-json\/wp\/v2\/media\/253685"}],"wp:attachment":[{"href":"https:\/\/mhr.com.pt\/es\/wp-json\/wp\/v2\/media?parent=253684"}],"wp:term":[{"taxonomy":"product_brand","embeddable":true,"href":"https:\/\/mhr.com.pt\/es\/wp-json\/wp\/v2\/product_brand?post=253684"},{"taxonomy":"product_cat","embeddable":true,"href":"https:\/\/mhr.com.pt\/es\/wp-json\/wp\/v2\/product_cat?post=253684"},{"taxonomy":"product_tag","embeddable":true,"href":"https:\/\/mhr.com.pt\/es\/wp-json\/wp\/v2\/product_tag?post=253684"}],"curies":[{"name":"wp","href":"https:\/\/api.w.org\/{rel}","templated":true}]}}