{"id":253691,"date":"2021-02-25T15:02:36","date_gmt":"2021-02-25T15:02:36","guid":{"rendered":"https:\/\/mhr.com.pt\/product\/oliver\/"},"modified":"2021-02-25T15:02:36","modified_gmt":"2021-02-25T15:02:36","slug":"oliver","status":"publish","type":"product","link":"https:\/\/mhr.com.pt\/es\/product\/oliver\/","title":{"rendered":"Oliver."},"content":{"rendered":"<p>El sill\u00f3n Oliver presenta un dise\u00f1o de asiento con estructura invisible que da la ilusi\u00f3n de flotar, creando un impacto visual llamativo. Sus brazos met\u00e1licos, simult\u00e1neamente prominentes y elegantemente esculpidos, proporcionan un fuerte contraste con el acolchado robusto que garantiza el m\u00e1ximo confort. Con l\u00edneas minimalistas y una forma simple,<\/p>\n<p>Oliver destaca como una pieza de declaraci\u00f3n que se combina f\u00e1cilmente con una variedad de materiales y otros estilos de mobiliario, convirti\u00e9ndolo en una adici\u00f3n vers\u00e1til a cualquier ambiente.<\/p>\n","protected":false},"excerpt":{"rendered":"<p>SILL\u00d3N<\/p>\n","protected":false},"featured_media":253692,"template":"","meta":{"_et_pb_use_builder":"","_et_pb_old_content":"","_et_gb_content_width":""},"product_brand":[],"product_cat":[604],"product_tag":[],"class_list":{"0":"post-253691","1":"product","2":"type-product","3":"status-publish","4":"has-post-thumbnail","6":"product_cat-sillones","8":"first","9":"instock","10":"virtual","11":"product-type-simple"},"_links":{"self":[{"href":"https:\/\/mhr.com.pt\/es\/wp-json\/wp\/v2\/product\/253691","targetHints":{"allow":["GET"]}}],"collection":[{"href":"https:\/\/mhr.com.pt\/es\/wp-json\/wp\/v2\/product"}],"about":[{"href":"https:\/\/mhr.com.pt\/es\/wp-json\/wp\/v2\/types\/product"}],"wp:featuredmedia":[{"embeddable":true,"href":"https:\/\/mhr.com.pt\/es\/wp-json\/wp\/v2\/media\/253692"}],"wp:attachment":[{"href":"https:\/\/mhr.com.pt\/es\/wp-json\/wp\/v2\/media?parent=253691"}],"wp:term":[{"taxonomy":"product_brand","embeddable":true,"href":"https:\/\/mhr.com.pt\/es\/wp-json\/wp\/v2\/product_brand?post=253691"},{"taxonomy":"product_cat","embeddable":true,"href":"https:\/\/mhr.com.pt\/es\/wp-json\/wp\/v2\/product_cat?post=253691"},{"taxonomy":"product_tag","embeddable":true,"href":"https:\/\/mhr.com.pt\/es\/wp-json\/wp\/v2\/product_tag?post=253691"}],"curies":[{"name":"wp","href":"https:\/\/api.w.org\/{rel}","templated":true}]}}