{"id":253705,"date":"2021-02-25T15:03:21","date_gmt":"2021-02-25T15:03:21","guid":{"rendered":"https:\/\/mhr.com.pt\/product\/vogue\/"},"modified":"2021-02-25T15:03:21","modified_gmt":"2021-02-25T15:03:21","slug":"vogue","status":"publish","type":"product","link":"https:\/\/mhr.com.pt\/es\/product\/vogue\/","title":{"rendered":"Vogue."},"content":{"rendered":"<p>El sill\u00f3n Vogue combina h\u00e1bilmente l\u00edneas rectas y curvas, todas trabajadas en madera maciza, creando una silueta din\u00e1mica y elegante.<\/p>\n<p>La combinaci\u00f3n de madera rica y tela tapizada suave ofrece un dise\u00f1o que prioriza la comodidad sin sacrificar el estilo.<\/p>\n<p>Con su presencia destacada y construcci\u00f3n s\u00f3lida, Vogue se integra f\u00e1cilmente en diversos estilos de interiores, manteniendo su car\u00e1cter \u00fanico mientras se armoniza con la decoraci\u00f3n existente.<\/p>\n","protected":false},"excerpt":{"rendered":"<p>SILL\u00d3N<\/p>\n","protected":false},"featured_media":253706,"template":"","meta":{"_et_pb_use_builder":"","_et_pb_old_content":"","_et_gb_content_width":""},"product_brand":[],"product_cat":[604],"product_tag":[],"class_list":{"0":"post-253705","1":"product","2":"type-product","3":"status-publish","4":"has-post-thumbnail","6":"product_cat-sillones","8":"first","9":"instock","10":"virtual","11":"product-type-simple"},"_links":{"self":[{"href":"https:\/\/mhr.com.pt\/es\/wp-json\/wp\/v2\/product\/253705","targetHints":{"allow":["GET"]}}],"collection":[{"href":"https:\/\/mhr.com.pt\/es\/wp-json\/wp\/v2\/product"}],"about":[{"href":"https:\/\/mhr.com.pt\/es\/wp-json\/wp\/v2\/types\/product"}],"wp:featuredmedia":[{"embeddable":true,"href":"https:\/\/mhr.com.pt\/es\/wp-json\/wp\/v2\/media\/253706"}],"wp:attachment":[{"href":"https:\/\/mhr.com.pt\/es\/wp-json\/wp\/v2\/media?parent=253705"}],"wp:term":[{"taxonomy":"product_brand","embeddable":true,"href":"https:\/\/mhr.com.pt\/es\/wp-json\/wp\/v2\/product_brand?post=253705"},{"taxonomy":"product_cat","embeddable":true,"href":"https:\/\/mhr.com.pt\/es\/wp-json\/wp\/v2\/product_cat?post=253705"},{"taxonomy":"product_tag","embeddable":true,"href":"https:\/\/mhr.com.pt\/es\/wp-json\/wp\/v2\/product_tag?post=253705"}],"curies":[{"name":"wp","href":"https:\/\/api.w.org\/{rel}","templated":true}]}}