{"id":253724,"date":"2022-11-14T09:59:52","date_gmt":"2022-11-14T09:59:52","guid":{"rendered":"https:\/\/mhr.com.pt\/product\/joleen\/"},"modified":"2022-11-14T09:59:52","modified_gmt":"2022-11-14T09:59:52","slug":"joleen","status":"publish","type":"product","link":"https:\/\/mhr.com.pt\/es\/product\/joleen\/","title":{"rendered":"Joleen."},"content":{"rendered":"<p>La jardinera de suelo Joleen personifica la sofisticaci\u00f3n a trav\u00e9s de sus l\u00edneas simples y continuas.<\/p>\n<p>Este dise\u00f1o minimalista eleva cualquier espacio de manera sencilla, convirti\u00e9ndola en una adici\u00f3n refinada tanto para interiores modernos como cl\u00e1sicos.<\/p>\n<p>Su elegancia discreta es perfecta para resaltar tus plantas favoritas, convirti\u00e9ndolas en el punto focal de la habitaci\u00f3n.<\/p>\n","protected":false},"excerpt":{"rendered":"<p>FLORERO<\/p>\n","protected":false},"featured_media":253726,"template":"","meta":{"_et_pb_use_builder":"","_et_pb_old_content":"","_et_gb_content_width":""},"product_brand":[],"product_cat":[605],"product_tag":[],"class_list":{"0":"post-253724","1":"product","2":"type-product","3":"status-publish","4":"has-post-thumbnail","6":"product_cat-estantes-consolas-floreros","8":"first","9":"instock","10":"shipping-taxable","11":"product-type-simple"},"_links":{"self":[{"href":"https:\/\/mhr.com.pt\/es\/wp-json\/wp\/v2\/product\/253724","targetHints":{"allow":["GET"]}}],"collection":[{"href":"https:\/\/mhr.com.pt\/es\/wp-json\/wp\/v2\/product"}],"about":[{"href":"https:\/\/mhr.com.pt\/es\/wp-json\/wp\/v2\/types\/product"}],"wp:featuredmedia":[{"embeddable":true,"href":"https:\/\/mhr.com.pt\/es\/wp-json\/wp\/v2\/media\/253726"}],"wp:attachment":[{"href":"https:\/\/mhr.com.pt\/es\/wp-json\/wp\/v2\/media?parent=253724"}],"wp:term":[{"taxonomy":"product_brand","embeddable":true,"href":"https:\/\/mhr.com.pt\/es\/wp-json\/wp\/v2\/product_brand?post=253724"},{"taxonomy":"product_cat","embeddable":true,"href":"https:\/\/mhr.com.pt\/es\/wp-json\/wp\/v2\/product_cat?post=253724"},{"taxonomy":"product_tag","embeddable":true,"href":"https:\/\/mhr.com.pt\/es\/wp-json\/wp\/v2\/product_tag?post=253724"}],"curies":[{"name":"wp","href":"https:\/\/api.w.org\/{rel}","templated":true}]}}