{"id":253728,"date":"2022-11-14T09:57:50","date_gmt":"2022-11-14T09:57:50","guid":{"rendered":"https:\/\/mhr.com.pt\/product\/miranda\/"},"modified":"2022-11-14T09:57:50","modified_gmt":"2022-11-14T09:57:50","slug":"miranda","status":"publish","type":"product","link":"https:\/\/mhr.com.pt\/es\/product\/miranda\/","title":{"rendered":"Miranda."},"content":{"rendered":"<p>Al igual que Joleen, la jardinera de pie Miranda presenta un dise\u00f1o de l\u00edneas simples y continuas que desprenden sofisticaci\u00f3n.<\/p>\n<p>Esta jardinera realza cualquier espacio con su perfil elegante y sofisticado, proporcionando una forma estilosa de exhibir tus plantas y a\u00f1adir un toque de clase a la decoraci\u00f3n de tu hogar.<\/p>\n","protected":false},"excerpt":{"rendered":"<p>FLORERO<\/p>\n","protected":false},"featured_media":253729,"template":"","meta":{"_et_pb_use_builder":"","_et_pb_old_content":"","_et_gb_content_width":""},"product_brand":[],"product_cat":[605],"product_tag":[],"class_list":{"0":"post-253728","1":"product","2":"type-product","3":"status-publish","4":"has-post-thumbnail","6":"product_cat-estantes-consolas-floreros","8":"first","9":"instock","10":"shipping-taxable","11":"product-type-simple"},"_links":{"self":[{"href":"https:\/\/mhr.com.pt\/es\/wp-json\/wp\/v2\/product\/253728","targetHints":{"allow":["GET"]}}],"collection":[{"href":"https:\/\/mhr.com.pt\/es\/wp-json\/wp\/v2\/product"}],"about":[{"href":"https:\/\/mhr.com.pt\/es\/wp-json\/wp\/v2\/types\/product"}],"wp:featuredmedia":[{"embeddable":true,"href":"https:\/\/mhr.com.pt\/es\/wp-json\/wp\/v2\/media\/253729"}],"wp:attachment":[{"href":"https:\/\/mhr.com.pt\/es\/wp-json\/wp\/v2\/media?parent=253728"}],"wp:term":[{"taxonomy":"product_brand","embeddable":true,"href":"https:\/\/mhr.com.pt\/es\/wp-json\/wp\/v2\/product_brand?post=253728"},{"taxonomy":"product_cat","embeddable":true,"href":"https:\/\/mhr.com.pt\/es\/wp-json\/wp\/v2\/product_cat?post=253728"},{"taxonomy":"product_tag","embeddable":true,"href":"https:\/\/mhr.com.pt\/es\/wp-json\/wp\/v2\/product_tag?post=253728"}],"curies":[{"name":"wp","href":"https:\/\/api.w.org\/{rel}","templated":true}]}}