{"id":253735,"date":"2022-11-14T09:55:52","date_gmt":"2022-11-14T09:55:52","guid":{"rendered":"https:\/\/mhr.com.pt\/product\/louise\/"},"modified":"2022-11-14T09:55:52","modified_gmt":"2022-11-14T09:55:52","slug":"louise","status":"publish","type":"product","link":"https:\/\/mhr.com.pt\/es\/product\/louise\/","title":{"rendered":"Louise."},"content":{"rendered":"<p>La jardinera de pie Louise aporta sofisticaci\u00f3n a trav\u00e9s de sus l\u00edneas simples y formas entrelazadas.<\/p>\n<p>Este dise\u00f1o es simult\u00e1neamente moderno y elegante, capaz de realzar cualquier espacio. Su estructura \u00fanica la convierte en una pieza de acento perfecta para exhibir plantas, al mismo tiempo que a\u00f1ade un toque sofisticado a tu \u00e1rea de estar.<\/p>\n","protected":false},"excerpt":{"rendered":"<p>FLORERO<\/p>\n","protected":false},"featured_media":253736,"template":"","meta":{"_et_pb_use_builder":"","_et_pb_old_content":"","_et_gb_content_width":""},"product_brand":[],"product_cat":[605],"product_tag":[],"class_list":{"0":"post-253735","1":"product","2":"type-product","3":"status-publish","4":"has-post-thumbnail","6":"product_cat-estantes-consolas-floreros","8":"first","9":"instock","10":"shipping-taxable","11":"product-type-simple"},"_links":{"self":[{"href":"https:\/\/mhr.com.pt\/es\/wp-json\/wp\/v2\/product\/253735","targetHints":{"allow":["GET"]}}],"collection":[{"href":"https:\/\/mhr.com.pt\/es\/wp-json\/wp\/v2\/product"}],"about":[{"href":"https:\/\/mhr.com.pt\/es\/wp-json\/wp\/v2\/types\/product"}],"wp:featuredmedia":[{"embeddable":true,"href":"https:\/\/mhr.com.pt\/es\/wp-json\/wp\/v2\/media\/253736"}],"wp:attachment":[{"href":"https:\/\/mhr.com.pt\/es\/wp-json\/wp\/v2\/media?parent=253735"}],"wp:term":[{"taxonomy":"product_brand","embeddable":true,"href":"https:\/\/mhr.com.pt\/es\/wp-json\/wp\/v2\/product_brand?post=253735"},{"taxonomy":"product_cat","embeddable":true,"href":"https:\/\/mhr.com.pt\/es\/wp-json\/wp\/v2\/product_cat?post=253735"},{"taxonomy":"product_tag","embeddable":true,"href":"https:\/\/mhr.com.pt\/es\/wp-json\/wp\/v2\/product_tag?post=253735"}],"curies":[{"name":"wp","href":"https:\/\/api.w.org\/{rel}","templated":true}]}}