{"id":253755,"date":"2022-11-02T15:08:22","date_gmt":"2022-11-02T15:08:22","guid":{"rendered":"https:\/\/mhr.com.pt\/product\/joy\/"},"modified":"2022-11-02T15:08:22","modified_gmt":"2022-11-02T15:08:22","slug":"joy","status":"publish","type":"product","link":"https:\/\/mhr.com.pt\/es\/product\/joy\/","title":{"rendered":"Joy."},"content":{"rendered":"<p>La estanter\u00eda Joy hace honor a su nombre al incorporar la alegr\u00eda de la vida, expresada a trav\u00e9s de sus curvas, altos y bajos.<\/p>\n<p>Con l\u00edneas finas y curvas, esta estanter\u00eda envuelve el espacio y se destaca como una pieza \u00fanica.<\/p>\n<p>Est\u00e1 dise\u00f1ada para aportar una sensaci\u00f3n de alegr\u00eda y fluidez a tu hogar.<\/p>\n","protected":false},"excerpt":{"rendered":"<p>ESTANTE<\/p>\n","protected":false},"featured_media":253756,"template":"","meta":{"_et_pb_use_builder":"","_et_pb_old_content":"","_et_gb_content_width":""},"product_brand":[],"product_cat":[605],"product_tag":[],"class_list":{"0":"post-253755","1":"product","2":"type-product","3":"status-publish","4":"has-post-thumbnail","6":"product_cat-estantes-consolas-floreros","8":"first","9":"instock","10":"virtual","11":"product-type-simple"},"_links":{"self":[{"href":"https:\/\/mhr.com.pt\/es\/wp-json\/wp\/v2\/product\/253755","targetHints":{"allow":["GET"]}}],"collection":[{"href":"https:\/\/mhr.com.pt\/es\/wp-json\/wp\/v2\/product"}],"about":[{"href":"https:\/\/mhr.com.pt\/es\/wp-json\/wp\/v2\/types\/product"}],"wp:featuredmedia":[{"embeddable":true,"href":"https:\/\/mhr.com.pt\/es\/wp-json\/wp\/v2\/media\/253756"}],"wp:attachment":[{"href":"https:\/\/mhr.com.pt\/es\/wp-json\/wp\/v2\/media?parent=253755"}],"wp:term":[{"taxonomy":"product_brand","embeddable":true,"href":"https:\/\/mhr.com.pt\/es\/wp-json\/wp\/v2\/product_brand?post=253755"},{"taxonomy":"product_cat","embeddable":true,"href":"https:\/\/mhr.com.pt\/es\/wp-json\/wp\/v2\/product_cat?post=253755"},{"taxonomy":"product_tag","embeddable":true,"href":"https:\/\/mhr.com.pt\/es\/wp-json\/wp\/v2\/product_tag?post=253755"}],"curies":[{"name":"wp","href":"https:\/\/api.w.org\/{rel}","templated":true}]}}