{"id":253773,"date":"2022-11-10T16:57:36","date_gmt":"2022-11-10T16:57:36","guid":{"rendered":"https:\/\/mhr.com.pt\/product\/flow\/"},"modified":"2022-11-10T16:57:36","modified_gmt":"2022-11-10T16:57:36","slug":"flow","status":"publish","type":"product","link":"https:\/\/mhr.com.pt\/es\/product\/flow\/","title":{"rendered":"Flow."},"content":{"rendered":"<p>La consola Flow, disponible en versiones alta y baja, presenta un tablero destacado que mezcla metal y madera para una conexi\u00f3n armoniosa.<\/p>\n<p>Caracterizada por sus l\u00edneas finas, esta consola combina un tablero s\u00f3lido y predominante con una estructura elegante, incorporando el flujo natural de las l\u00edneas en su dise\u00f1o.<\/p>\n","protected":false},"excerpt":{"rendered":"<p>CONSOLAS<\/p>\n","protected":false},"featured_media":253775,"template":"","meta":{"_et_pb_use_builder":"","_et_pb_old_content":"","_et_gb_content_width":""},"product_brand":[],"product_cat":[605],"product_tag":[],"class_list":{"0":"post-253773","1":"product","2":"type-product","3":"status-publish","4":"has-post-thumbnail","6":"product_cat-estantes-consolas-floreros","8":"first","9":"instock","10":"shipping-taxable","11":"product-type-simple"},"_links":{"self":[{"href":"https:\/\/mhr.com.pt\/es\/wp-json\/wp\/v2\/product\/253773","targetHints":{"allow":["GET"]}}],"collection":[{"href":"https:\/\/mhr.com.pt\/es\/wp-json\/wp\/v2\/product"}],"about":[{"href":"https:\/\/mhr.com.pt\/es\/wp-json\/wp\/v2\/types\/product"}],"wp:featuredmedia":[{"embeddable":true,"href":"https:\/\/mhr.com.pt\/es\/wp-json\/wp\/v2\/media\/253775"}],"wp:attachment":[{"href":"https:\/\/mhr.com.pt\/es\/wp-json\/wp\/v2\/media?parent=253773"}],"wp:term":[{"taxonomy":"product_brand","embeddable":true,"href":"https:\/\/mhr.com.pt\/es\/wp-json\/wp\/v2\/product_brand?post=253773"},{"taxonomy":"product_cat","embeddable":true,"href":"https:\/\/mhr.com.pt\/es\/wp-json\/wp\/v2\/product_cat?post=253773"},{"taxonomy":"product_tag","embeddable":true,"href":"https:\/\/mhr.com.pt\/es\/wp-json\/wp\/v2\/product_tag?post=253773"}],"curies":[{"name":"wp","href":"https:\/\/api.w.org\/{rel}","templated":true}]}}