{"id":253810,"date":"2021-02-26T16:54:56","date_gmt":"2021-02-26T16:54:56","guid":{"rendered":"https:\/\/mhr.com.pt\/product\/andrea-3\/"},"modified":"2021-02-26T16:54:56","modified_gmt":"2021-02-26T16:54:56","slug":"andrea-3","status":"publish","type":"product","link":"https:\/\/mhr.com.pt\/es\/product\/andrea-3\/","title":{"rendered":"Andrea."},"content":{"rendered":"<p>Dise\u00f1ado para el almacenamiento vertical, el camisero Andrea mantiene la identidad elegante de la colecci\u00f3n con su estructura tapizada y sus suaves l\u00edneas de costura irregulares.<\/p>\n<p>Ofrece una soluci\u00f3n pr\u00e1ctica para organizar ropa o accesorios, contribuyendo a la armon\u00eda general del espacio.<\/p>\n","protected":false},"excerpt":{"rendered":"<p>CAMISERO<\/p>\n","protected":false},"featured_media":253812,"template":"","meta":{"_et_pb_use_builder":"","_et_pb_old_content":"","_et_gb_content_width":""},"product_brand":[],"product_cat":[609,610],"product_tag":[],"class_list":{"0":"post-253810","1":"product","2":"type-product","3":"status-publish","4":"has-post-thumbnail","6":"product_cat-accesorios-de-dormitorio","7":"product_cat-andrea-accesorios","9":"first","10":"instock","11":"virtual","12":"product-type-simple"},"_links":{"self":[{"href":"https:\/\/mhr.com.pt\/es\/wp-json\/wp\/v2\/product\/253810","targetHints":{"allow":["GET"]}}],"collection":[{"href":"https:\/\/mhr.com.pt\/es\/wp-json\/wp\/v2\/product"}],"about":[{"href":"https:\/\/mhr.com.pt\/es\/wp-json\/wp\/v2\/types\/product"}],"wp:featuredmedia":[{"embeddable":true,"href":"https:\/\/mhr.com.pt\/es\/wp-json\/wp\/v2\/media\/253812"}],"wp:attachment":[{"href":"https:\/\/mhr.com.pt\/es\/wp-json\/wp\/v2\/media?parent=253810"}],"wp:term":[{"taxonomy":"product_brand","embeddable":true,"href":"https:\/\/mhr.com.pt\/es\/wp-json\/wp\/v2\/product_brand?post=253810"},{"taxonomy":"product_cat","embeddable":true,"href":"https:\/\/mhr.com.pt\/es\/wp-json\/wp\/v2\/product_cat?post=253810"},{"taxonomy":"product_tag","embeddable":true,"href":"https:\/\/mhr.com.pt\/es\/wp-json\/wp\/v2\/product_tag?post=253810"}],"curies":[{"name":"wp","href":"https:\/\/api.w.org\/{rel}","templated":true}]}}