{"id":253819,"date":"2021-02-26T12:57:59","date_gmt":"2021-02-26T12:57:59","guid":{"rendered":"https:\/\/mhr.com.pt\/product\/dizzy\/"},"modified":"2021-02-26T12:57:59","modified_gmt":"2021-02-26T12:57:59","slug":"dizzy","status":"publish","type":"product","link":"https:\/\/mhr.com.pt\/es\/product\/dizzy\/","title":{"rendered":"Dizzy."},"content":{"rendered":"<p>La cama Dizzy destaca por su cabecera suspendida y acolchada \u2014 un elemento acogedor que transmite suavidad y volumen. Apoyada sobre una base met\u00e1lica elegante, el dise\u00f1o encuentra el equilibrio entre ligereza visual y confort generoso. Los vivos que delinean la cabecera acent\u00faan su estructura doble y a\u00f1aden un toque final sofisticado.<\/p>\n","protected":false},"excerpt":{"rendered":"<p>CAMA<\/p>\n","protected":false},"featured_media":253820,"template":"","meta":{"_et_pb_use_builder":"","_et_pb_old_content":"","_et_gb_content_width":""},"product_brand":[],"product_cat":[607,611],"product_tag":[],"class_list":{"0":"post-253819","1":"product","2":"type-product","3":"status-publish","4":"has-post-thumbnail","6":"product_cat-camas","7":"product_cat-dizzy-cama","9":"first","10":"instock","11":"virtual","12":"product-type-simple"},"_links":{"self":[{"href":"https:\/\/mhr.com.pt\/es\/wp-json\/wp\/v2\/product\/253819","targetHints":{"allow":["GET"]}}],"collection":[{"href":"https:\/\/mhr.com.pt\/es\/wp-json\/wp\/v2\/product"}],"about":[{"href":"https:\/\/mhr.com.pt\/es\/wp-json\/wp\/v2\/types\/product"}],"wp:featuredmedia":[{"embeddable":true,"href":"https:\/\/mhr.com.pt\/es\/wp-json\/wp\/v2\/media\/253820"}],"wp:attachment":[{"href":"https:\/\/mhr.com.pt\/es\/wp-json\/wp\/v2\/media?parent=253819"}],"wp:term":[{"taxonomy":"product_brand","embeddable":true,"href":"https:\/\/mhr.com.pt\/es\/wp-json\/wp\/v2\/product_brand?post=253819"},{"taxonomy":"product_cat","embeddable":true,"href":"https:\/\/mhr.com.pt\/es\/wp-json\/wp\/v2\/product_cat?post=253819"},{"taxonomy":"product_tag","embeddable":true,"href":"https:\/\/mhr.com.pt\/es\/wp-json\/wp\/v2\/product_tag?post=253819"}],"curies":[{"name":"wp","href":"https:\/\/api.w.org\/{rel}","templated":true}]}}