{"id":253844,"date":"2021-02-26T12:58:46","date_gmt":"2021-02-26T12:58:46","guid":{"rendered":"https:\/\/mhr.com.pt\/product\/ellie-2\/"},"modified":"2021-02-26T12:58:46","modified_gmt":"2021-02-26T12:58:46","slug":"ellie-2","status":"publish","type":"product","link":"https:\/\/mhr.com.pt\/es\/product\/ellie-2\/","title":{"rendered":"Ellie."},"content":{"rendered":"<p>Con la misma identidad de dise\u00f1o que la versi\u00f3n King-size, la cama Standard Ellie aporta elegancia y confort a espacios m\u00e1s reducidos.<\/p>\n<p>Sus patas altas y la combinaci\u00f3n equilibrada de metal y tapicer\u00eda crean una presencia sofisticada y ligera.<\/p>\n","protected":false},"excerpt":{"rendered":"<p>CAMA<\/p>\n","protected":false},"featured_media":253845,"template":"","meta":{"_et_pb_use_builder":"","_et_pb_old_content":"","_et_gb_content_width":""},"product_brand":[],"product_cat":[607,612],"product_tag":[],"class_list":{"0":"post-253844","1":"product","2":"type-product","3":"status-publish","4":"has-post-thumbnail","6":"product_cat-camas","7":"product_cat-ellie-camas","9":"first","10":"instock","11":"virtual","12":"product-type-simple"},"_links":{"self":[{"href":"https:\/\/mhr.com.pt\/es\/wp-json\/wp\/v2\/product\/253844","targetHints":{"allow":["GET"]}}],"collection":[{"href":"https:\/\/mhr.com.pt\/es\/wp-json\/wp\/v2\/product"}],"about":[{"href":"https:\/\/mhr.com.pt\/es\/wp-json\/wp\/v2\/types\/product"}],"wp:featuredmedia":[{"embeddable":true,"href":"https:\/\/mhr.com.pt\/es\/wp-json\/wp\/v2\/media\/253845"}],"wp:attachment":[{"href":"https:\/\/mhr.com.pt\/es\/wp-json\/wp\/v2\/media?parent=253844"}],"wp:term":[{"taxonomy":"product_brand","embeddable":true,"href":"https:\/\/mhr.com.pt\/es\/wp-json\/wp\/v2\/product_brand?post=253844"},{"taxonomy":"product_cat","embeddable":true,"href":"https:\/\/mhr.com.pt\/es\/wp-json\/wp\/v2\/product_cat?post=253844"},{"taxonomy":"product_tag","embeddable":true,"href":"https:\/\/mhr.com.pt\/es\/wp-json\/wp\/v2\/product_tag?post=253844"}],"curies":[{"name":"wp","href":"https:\/\/api.w.org\/{rel}","templated":true}]}}