{"id":253851,"date":"2021-03-01T10:15:52","date_gmt":"2021-03-01T10:15:52","guid":{"rendered":"https:\/\/mhr.com.pt\/product\/ellie-4\/"},"modified":"2021-03-01T10:15:52","modified_gmt":"2021-03-01T10:15:52","slug":"ellie-4","status":"publish","type":"product","link":"https:\/\/mhr.com.pt\/es\/product\/ellie-4\/","title":{"rendered":"Ellie."},"content":{"rendered":"<p>El espejo Ellie complementa el conjunto de dormitorio con una forma simple y elegante, aumentando la sensaci\u00f3n de espacio y luminosidad.<\/p>\n<p>El marco met\u00e1lico mantiene la continuidad est\u00e9tica de la l\u00ednea de forma sutil.<\/p>\n","protected":false},"excerpt":{"rendered":"<p>ESPEJO<\/p>\n","protected":false},"featured_media":253855,"template":"","meta":{"_et_pb_use_builder":"","_et_pb_old_content":"","_et_gb_content_width":""},"product_brand":[],"product_cat":[609,613],"product_tag":[],"class_list":{"0":"post-253851","1":"product","2":"type-product","3":"status-publish","4":"has-post-thumbnail","6":"product_cat-accesorios-de-dormitorio","7":"product_cat-ellie-accesorios","9":"first","10":"instock","11":"virtual","12":"product-type-simple"},"_links":{"self":[{"href":"https:\/\/mhr.com.pt\/es\/wp-json\/wp\/v2\/product\/253851","targetHints":{"allow":["GET"]}}],"collection":[{"href":"https:\/\/mhr.com.pt\/es\/wp-json\/wp\/v2\/product"}],"about":[{"href":"https:\/\/mhr.com.pt\/es\/wp-json\/wp\/v2\/types\/product"}],"wp:featuredmedia":[{"embeddable":true,"href":"https:\/\/mhr.com.pt\/es\/wp-json\/wp\/v2\/media\/253855"}],"wp:attachment":[{"href":"https:\/\/mhr.com.pt\/es\/wp-json\/wp\/v2\/media?parent=253851"}],"wp:term":[{"taxonomy":"product_brand","embeddable":true,"href":"https:\/\/mhr.com.pt\/es\/wp-json\/wp\/v2\/product_brand?post=253851"},{"taxonomy":"product_cat","embeddable":true,"href":"https:\/\/mhr.com.pt\/es\/wp-json\/wp\/v2\/product_cat?post=253851"},{"taxonomy":"product_tag","embeddable":true,"href":"https:\/\/mhr.com.pt\/es\/wp-json\/wp\/v2\/product_tag?post=253851"}],"curies":[{"name":"wp","href":"https:\/\/api.w.org\/{rel}","templated":true}]}}