{"id":253856,"date":"2021-03-02T15:37:06","date_gmt":"2021-03-02T15:37:06","guid":{"rendered":"https:\/\/mhr.com.pt\/product\/ellie-5\/"},"modified":"2021-03-02T15:37:06","modified_gmt":"2021-03-02T15:37:06","slug":"ellie-5","status":"publish","type":"product","link":"https:\/\/mhr.com.pt\/es\/product\/ellie-5\/","title":{"rendered":"Ellie."},"content":{"rendered":"<p>El taburete Ellie a\u00f1ade funcionalidad y estilo al dormitorio.<\/p>\n<p>Tapizado para mayor confort y apoyado sobre finas patas met\u00e1licas, aporta un toque final ligero y elegante al pie de la cama o a cualquier rinc\u00f3n de la habitaci\u00f3n.<\/p>\n","protected":false},"excerpt":{"rendered":"<p>TABURETE<\/p>\n","protected":false},"featured_media":253857,"template":"","meta":{"_et_pb_use_builder":"","_et_pb_old_content":"","_et_gb_content_width":""},"product_brand":[],"product_cat":[609,613],"product_tag":[],"class_list":{"0":"post-253856","1":"product","2":"type-product","3":"status-publish","4":"has-post-thumbnail","6":"product_cat-accesorios-de-dormitorio","7":"product_cat-ellie-accesorios","9":"first","10":"instock","11":"virtual","12":"product-type-simple"},"_links":{"self":[{"href":"https:\/\/mhr.com.pt\/es\/wp-json\/wp\/v2\/product\/253856","targetHints":{"allow":["GET"]}}],"collection":[{"href":"https:\/\/mhr.com.pt\/es\/wp-json\/wp\/v2\/product"}],"about":[{"href":"https:\/\/mhr.com.pt\/es\/wp-json\/wp\/v2\/types\/product"}],"wp:featuredmedia":[{"embeddable":true,"href":"https:\/\/mhr.com.pt\/es\/wp-json\/wp\/v2\/media\/253857"}],"wp:attachment":[{"href":"https:\/\/mhr.com.pt\/es\/wp-json\/wp\/v2\/media?parent=253856"}],"wp:term":[{"taxonomy":"product_brand","embeddable":true,"href":"https:\/\/mhr.com.pt\/es\/wp-json\/wp\/v2\/product_brand?post=253856"},{"taxonomy":"product_cat","embeddable":true,"href":"https:\/\/mhr.com.pt\/es\/wp-json\/wp\/v2\/product_cat?post=253856"},{"taxonomy":"product_tag","embeddable":true,"href":"https:\/\/mhr.com.pt\/es\/wp-json\/wp\/v2\/product_tag?post=253856"}],"curies":[{"name":"wp","href":"https:\/\/api.w.org\/{rel}","templated":true}]}}