{"id":253866,"date":"2021-02-26T12:54:52","date_gmt":"2021-02-26T12:54:52","guid":{"rendered":"https:\/\/mhr.com.pt\/product\/fluffy\/"},"modified":"2021-02-26T12:54:52","modified_gmt":"2021-02-26T12:54:52","slug":"fluffy","status":"publish","type":"product","link":"https:\/\/mhr.com.pt\/es\/product\/fluffy\/","title":{"rendered":"Fluffy."},"content":{"rendered":"<p>La cama Fluffy es una declaraci\u00f3n de confort y suavidad. Con un cabecero voluminoso y tapizado, inspirado en las nubes, y con capiton\u00e9s que realzan la forma, aporta calidez y personalidad al espacio.<\/p>\n<p>Su forma generosa invita a la relajaci\u00f3n, mientras que sus curvas l\u00fadicas le confieren un encanto contempor\u00e1neo.<\/p>\n","protected":false},"excerpt":{"rendered":"<p>CAMA<\/p>\n","protected":false},"featured_media":253867,"template":"","meta":{"_et_pb_use_builder":"","_et_pb_old_content":"","_et_gb_content_width":""},"product_brand":[],"product_cat":[607,614],"product_tag":[],"class_list":{"0":"post-253866","1":"product","2":"type-product","3":"status-publish","4":"has-post-thumbnail","6":"product_cat-camas","7":"product_cat-fluffy-cama","9":"first","10":"instock","11":"virtual","12":"product-type-simple"},"_links":{"self":[{"href":"https:\/\/mhr.com.pt\/es\/wp-json\/wp\/v2\/product\/253866","targetHints":{"allow":["GET"]}}],"collection":[{"href":"https:\/\/mhr.com.pt\/es\/wp-json\/wp\/v2\/product"}],"about":[{"href":"https:\/\/mhr.com.pt\/es\/wp-json\/wp\/v2\/types\/product"}],"wp:featuredmedia":[{"embeddable":true,"href":"https:\/\/mhr.com.pt\/es\/wp-json\/wp\/v2\/media\/253867"}],"wp:attachment":[{"href":"https:\/\/mhr.com.pt\/es\/wp-json\/wp\/v2\/media?parent=253866"}],"wp:term":[{"taxonomy":"product_brand","embeddable":true,"href":"https:\/\/mhr.com.pt\/es\/wp-json\/wp\/v2\/product_brand?post=253866"},{"taxonomy":"product_cat","embeddable":true,"href":"https:\/\/mhr.com.pt\/es\/wp-json\/wp\/v2\/product_cat?post=253866"},{"taxonomy":"product_tag","embeddable":true,"href":"https:\/\/mhr.com.pt\/es\/wp-json\/wp\/v2\/product_tag?post=253866"}],"curies":[{"name":"wp","href":"https:\/\/api.w.org\/{rel}","templated":true}]}}