{"id":253899,"date":"2021-02-26T12:55:43","date_gmt":"2021-02-26T12:55:43","guid":{"rendered":"https:\/\/mhr.com.pt\/product\/jazz-2\/"},"modified":"2021-02-26T12:55:43","modified_gmt":"2021-02-26T12:55:43","slug":"jazz-2","status":"publish","type":"product","link":"https:\/\/mhr.com.pt\/es\/product\/jazz-2\/","title":{"rendered":"Jazz."},"content":{"rendered":"<p>La cama Standard Jazz es una elecci\u00f3n elegante para espacios m\u00e1s peque\u00f1os o \u00edntimos. La cabecera tapizada, enmarcada en metal, aporta un toque refinado manteniendo una presencia ligera y contempor\u00e1nea.<\/p>\n<p>Ideal para quienes buscan confort sin renunciar al dise\u00f1o.<\/p>\n","protected":false},"excerpt":{"rendered":"<p>CAMA<\/p>\n","protected":false},"featured_media":253901,"template":"","meta":{"_et_pb_use_builder":"","_et_pb_old_content":"","_et_gb_content_width":""},"product_brand":[],"product_cat":[607,616],"product_tag":[],"class_list":{"0":"post-253899","1":"product","2":"type-product","3":"status-publish","4":"has-post-thumbnail","6":"product_cat-camas","7":"product_cat-jazz-camas","9":"first","10":"instock","11":"virtual","12":"product-type-simple"},"_links":{"self":[{"href":"https:\/\/mhr.com.pt\/es\/wp-json\/wp\/v2\/product\/253899","targetHints":{"allow":["GET"]}}],"collection":[{"href":"https:\/\/mhr.com.pt\/es\/wp-json\/wp\/v2\/product"}],"about":[{"href":"https:\/\/mhr.com.pt\/es\/wp-json\/wp\/v2\/types\/product"}],"wp:featuredmedia":[{"embeddable":true,"href":"https:\/\/mhr.com.pt\/es\/wp-json\/wp\/v2\/media\/253901"}],"wp:attachment":[{"href":"https:\/\/mhr.com.pt\/es\/wp-json\/wp\/v2\/media?parent=253899"}],"wp:term":[{"taxonomy":"product_brand","embeddable":true,"href":"https:\/\/mhr.com.pt\/es\/wp-json\/wp\/v2\/product_brand?post=253899"},{"taxonomy":"product_cat","embeddable":true,"href":"https:\/\/mhr.com.pt\/es\/wp-json\/wp\/v2\/product_cat?post=253899"},{"taxonomy":"product_tag","embeddable":true,"href":"https:\/\/mhr.com.pt\/es\/wp-json\/wp\/v2\/product_tag?post=253899"}],"curies":[{"name":"wp","href":"https:\/\/api.w.org\/{rel}","templated":true}]}}