{"id":253906,"date":"2021-02-26T17:05:12","date_gmt":"2021-02-26T17:05:12","guid":{"rendered":"https:\/\/mhr.com.pt\/product\/jazz-4\/"},"modified":"2021-02-26T17:05:12","modified_gmt":"2021-02-26T17:05:12","slug":"jazz-4","status":"publish","type":"product","link":"https:\/\/mhr.com.pt\/es\/product\/jazz-4\/","title":{"rendered":"Jazz."},"content":{"rendered":"<p>La c\u00f3moda Jazz muestra un equilibrio entre la estructura met\u00e1lica y los vol\u00famenes tapizados.<\/p>\n<p>Dise\u00f1ada para destacar, ofrece almacenamiento sin comprometer la armon\u00eda est\u00e9tica del espacio.<\/p>\n","protected":false},"excerpt":{"rendered":"<p>C\u00d3MODA<\/p>\n","protected":false},"featured_media":253907,"template":"","meta":{"_et_pb_use_builder":"","_et_pb_old_content":"","_et_gb_content_width":""},"product_brand":[],"product_cat":[609,617],"product_tag":[],"class_list":{"0":"post-253906","1":"product","2":"type-product","3":"status-publish","4":"has-post-thumbnail","6":"product_cat-accesorios-de-dormitorio","7":"product_cat-jazz-accesorios","9":"first","10":"instock","11":"virtual","12":"product-type-simple"},"_links":{"self":[{"href":"https:\/\/mhr.com.pt\/es\/wp-json\/wp\/v2\/product\/253906","targetHints":{"allow":["GET"]}}],"collection":[{"href":"https:\/\/mhr.com.pt\/es\/wp-json\/wp\/v2\/product"}],"about":[{"href":"https:\/\/mhr.com.pt\/es\/wp-json\/wp\/v2\/types\/product"}],"wp:featuredmedia":[{"embeddable":true,"href":"https:\/\/mhr.com.pt\/es\/wp-json\/wp\/v2\/media\/253907"}],"wp:attachment":[{"href":"https:\/\/mhr.com.pt\/es\/wp-json\/wp\/v2\/media?parent=253906"}],"wp:term":[{"taxonomy":"product_brand","embeddable":true,"href":"https:\/\/mhr.com.pt\/es\/wp-json\/wp\/v2\/product_brand?post=253906"},{"taxonomy":"product_cat","embeddable":true,"href":"https:\/\/mhr.com.pt\/es\/wp-json\/wp\/v2\/product_cat?post=253906"},{"taxonomy":"product_tag","embeddable":true,"href":"https:\/\/mhr.com.pt\/es\/wp-json\/wp\/v2\/product_tag?post=253906"}],"curies":[{"name":"wp","href":"https:\/\/api.w.org\/{rel}","templated":true}]}}