{"id":253935,"date":"2021-02-26T12:45:53","date_gmt":"2021-02-26T12:45:53","guid":{"rendered":"https:\/\/mhr.com.pt\/product\/keiko-2\/"},"modified":"2021-02-26T12:45:53","modified_gmt":"2021-02-26T12:45:53","slug":"keiko-2","status":"publish","type":"product","link":"https:\/\/mhr.com.pt\/es\/product\/keiko-2\/","title":{"rendered":"Keiko."},"content":{"rendered":"<p>La cama Keiko Standard ofrece la misma sofisticaci\u00f3n geom\u00e9trica en una versi\u00f3n m\u00e1s compacta. Su cabecera acolchada y su base redondeada a nivel del suelo le dan un aspecto destacable y acogedor.<\/p>\n<p>Una excelente soluci\u00f3n para habitaciones m\u00e1s peque\u00f1as que no quieren renunciar al confort y al impacto visual.<\/p>\n","protected":false},"excerpt":{"rendered":"<p>CAMA<\/p>\n","protected":false},"featured_media":253936,"template":"","meta":{"_et_pb_use_builder":"","_et_pb_old_content":"","_et_gb_content_width":""},"product_brand":[],"product_cat":[607,618],"product_tag":[],"class_list":{"0":"post-253935","1":"product","2":"type-product","3":"status-publish","4":"has-post-thumbnail","6":"product_cat-camas","7":"product_cat-keiko-camas","9":"first","10":"instock","11":"virtual","12":"product-type-simple"},"_links":{"self":[{"href":"https:\/\/mhr.com.pt\/es\/wp-json\/wp\/v2\/product\/253935","targetHints":{"allow":["GET"]}}],"collection":[{"href":"https:\/\/mhr.com.pt\/es\/wp-json\/wp\/v2\/product"}],"about":[{"href":"https:\/\/mhr.com.pt\/es\/wp-json\/wp\/v2\/types\/product"}],"wp:featuredmedia":[{"embeddable":true,"href":"https:\/\/mhr.com.pt\/es\/wp-json\/wp\/v2\/media\/253936"}],"wp:attachment":[{"href":"https:\/\/mhr.com.pt\/es\/wp-json\/wp\/v2\/media?parent=253935"}],"wp:term":[{"taxonomy":"product_brand","embeddable":true,"href":"https:\/\/mhr.com.pt\/es\/wp-json\/wp\/v2\/product_brand?post=253935"},{"taxonomy":"product_cat","embeddable":true,"href":"https:\/\/mhr.com.pt\/es\/wp-json\/wp\/v2\/product_cat?post=253935"},{"taxonomy":"product_tag","embeddable":true,"href":"https:\/\/mhr.com.pt\/es\/wp-json\/wp\/v2\/product_tag?post=253935"}],"curies":[{"name":"wp","href":"https:\/\/api.w.org\/{rel}","templated":true}]}}