{"id":253944,"date":"2021-03-02T15:33:53","date_gmt":"2021-03-02T15:33:53","guid":{"rendered":"https:\/\/mhr.com.pt\/product\/keiko-4\/"},"modified":"2021-03-02T15:33:53","modified_gmt":"2021-03-02T15:33:53","slug":"keiko-4","status":"publish","type":"product","link":"https:\/\/mhr.com.pt\/es\/product\/keiko-4\/","title":{"rendered":"Keiko."},"content":{"rendered":"<p>Con su silueta estructurada y acolchado suave, el taburete Keiko es un elemento pr\u00e1ctico y decorativo.<\/p>\n<p>Colocado al pie de la cama o junto a una pared, a\u00f1ade versatilidad al dormitorio sin perder la fuerza est\u00e9tica de la colecci\u00f3n.<\/p>\n","protected":false},"excerpt":{"rendered":"<p>TABURETE<\/p>\n","protected":false},"featured_media":253945,"template":"","meta":{"_et_pb_use_builder":"","_et_pb_old_content":"","_et_gb_content_width":""},"product_brand":[],"product_cat":[609,619],"product_tag":[],"class_list":{"0":"post-253944","1":"product","2":"type-product","3":"status-publish","4":"has-post-thumbnail","6":"product_cat-accesorios-de-dormitorio","7":"product_cat-keiko-accesorios","9":"first","10":"instock","11":"virtual","12":"product-type-simple"},"_links":{"self":[{"href":"https:\/\/mhr.com.pt\/es\/wp-json\/wp\/v2\/product\/253944","targetHints":{"allow":["GET"]}}],"collection":[{"href":"https:\/\/mhr.com.pt\/es\/wp-json\/wp\/v2\/product"}],"about":[{"href":"https:\/\/mhr.com.pt\/es\/wp-json\/wp\/v2\/types\/product"}],"wp:featuredmedia":[{"embeddable":true,"href":"https:\/\/mhr.com.pt\/es\/wp-json\/wp\/v2\/media\/253945"}],"wp:attachment":[{"href":"https:\/\/mhr.com.pt\/es\/wp-json\/wp\/v2\/media?parent=253944"}],"wp:term":[{"taxonomy":"product_brand","embeddable":true,"href":"https:\/\/mhr.com.pt\/es\/wp-json\/wp\/v2\/product_brand?post=253944"},{"taxonomy":"product_cat","embeddable":true,"href":"https:\/\/mhr.com.pt\/es\/wp-json\/wp\/v2\/product_cat?post=253944"},{"taxonomy":"product_tag","embeddable":true,"href":"https:\/\/mhr.com.pt\/es\/wp-json\/wp\/v2\/product_tag?post=253944"}],"curies":[{"name":"wp","href":"https:\/\/api.w.org\/{rel}","templated":true}]}}