{"id":253958,"date":"2022-06-14T17:13:23","date_gmt":"2022-06-14T16:13:23","guid":{"rendered":"https:\/\/mhr.com.pt\/product\/leslie\/"},"modified":"2022-06-14T17:13:23","modified_gmt":"2022-06-14T16:13:23","slug":"leslie","status":"publish","type":"product","link":"https:\/\/mhr.com.pt\/es\/product\/leslie\/","title":{"rendered":"Leslie."},"content":{"rendered":"<p>La cama Leslie King-size es una pieza destacada en cualquier dormitorio. Su cabecera, compuesta por tres paneles de diferentes alturas, anchos y texturas, crea un punto focal impresionante. Los detalles en relieve a\u00f1aden dimensi\u00f3n y sofisticaci\u00f3n, mientras que las patas altas y delgadas y la base simple enfatizan la grandiosidad de la cabecera.<\/p>\n<p>Esta cama combina dise\u00f1o moderno con detalles lujosos, convirti\u00e9ndose en el centro perfecto de un dormitorio amplio y elegante.<\/p>\n","protected":false},"excerpt":{"rendered":"<p>CAMA KING-SIZE<\/p>\n","protected":false},"featured_media":253959,"template":"","meta":{"_et_pb_use_builder":"","_et_pb_old_content":"","_et_gb_content_width":""},"product_brand":[],"product_cat":[607,620],"product_tag":[],"class_list":{"0":"post-253958","1":"product","2":"type-product","3":"status-publish","4":"has-post-thumbnail","6":"product_cat-camas","7":"product_cat-leslie-camas","9":"first","10":"instock","11":"virtual","12":"product-type-simple"},"_links":{"self":[{"href":"https:\/\/mhr.com.pt\/es\/wp-json\/wp\/v2\/product\/253958","targetHints":{"allow":["GET"]}}],"collection":[{"href":"https:\/\/mhr.com.pt\/es\/wp-json\/wp\/v2\/product"}],"about":[{"href":"https:\/\/mhr.com.pt\/es\/wp-json\/wp\/v2\/types\/product"}],"wp:featuredmedia":[{"embeddable":true,"href":"https:\/\/mhr.com.pt\/es\/wp-json\/wp\/v2\/media\/253959"}],"wp:attachment":[{"href":"https:\/\/mhr.com.pt\/es\/wp-json\/wp\/v2\/media?parent=253958"}],"wp:term":[{"taxonomy":"product_brand","embeddable":true,"href":"https:\/\/mhr.com.pt\/es\/wp-json\/wp\/v2\/product_brand?post=253958"},{"taxonomy":"product_cat","embeddable":true,"href":"https:\/\/mhr.com.pt\/es\/wp-json\/wp\/v2\/product_cat?post=253958"},{"taxonomy":"product_tag","embeddable":true,"href":"https:\/\/mhr.com.pt\/es\/wp-json\/wp\/v2\/product_tag?post=253958"}],"curies":[{"name":"wp","href":"https:\/\/api.w.org\/{rel}","templated":true}]}}