{"id":253962,"date":"2022-06-14T17:20:08","date_gmt":"2022-06-14T16:20:08","guid":{"rendered":"https:\/\/mhr.com.pt\/product\/leslie-2\/"},"modified":"2022-06-14T17:20:08","modified_gmt":"2022-06-14T16:20:08","slug":"leslie-2","status":"publish","type":"product","link":"https:\/\/mhr.com.pt\/es\/product\/leslie-2\/","title":{"rendered":"Leslie."},"content":{"rendered":"<p>La cama Leslie Standard ofrece el mismo dise\u00f1o din\u00e1mico en una versi\u00f3n m\u00e1s compacta. Su cabecera, con tres paneles de diferentes tama\u00f1os y texturas, a\u00f1ade un elemento visual llamativo al dormitorio. Los detalles en relieve realzan la experiencia t\u00e1ctil, mientras que las patas altas y delicadas elevan el dise\u00f1o general.<\/p>\n<p>Esta cama es ideal para quienes buscan un dormitorio moderno e impactante, con un car\u00e1cter distintivo.<\/p>\n","protected":false},"excerpt":{"rendered":"<p>CAMA<\/p>\n","protected":false},"featured_media":253963,"template":"","meta":{"_et_pb_use_builder":"","_et_pb_old_content":"","_et_gb_content_width":""},"product_brand":[],"product_cat":[607,620],"product_tag":[],"class_list":{"0":"post-253962","1":"product","2":"type-product","3":"status-publish","4":"has-post-thumbnail","6":"product_cat-camas","7":"product_cat-leslie-camas","9":"first","10":"instock","11":"virtual","12":"product-type-simple"},"_links":{"self":[{"href":"https:\/\/mhr.com.pt\/es\/wp-json\/wp\/v2\/product\/253962","targetHints":{"allow":["GET"]}}],"collection":[{"href":"https:\/\/mhr.com.pt\/es\/wp-json\/wp\/v2\/product"}],"about":[{"href":"https:\/\/mhr.com.pt\/es\/wp-json\/wp\/v2\/types\/product"}],"wp:featuredmedia":[{"embeddable":true,"href":"https:\/\/mhr.com.pt\/es\/wp-json\/wp\/v2\/media\/253963"}],"wp:attachment":[{"href":"https:\/\/mhr.com.pt\/es\/wp-json\/wp\/v2\/media?parent=253962"}],"wp:term":[{"taxonomy":"product_brand","embeddable":true,"href":"https:\/\/mhr.com.pt\/es\/wp-json\/wp\/v2\/product_brand?post=253962"},{"taxonomy":"product_cat","embeddable":true,"href":"https:\/\/mhr.com.pt\/es\/wp-json\/wp\/v2\/product_cat?post=253962"},{"taxonomy":"product_tag","embeddable":true,"href":"https:\/\/mhr.com.pt\/es\/wp-json\/wp\/v2\/product_tag?post=253962"}],"curies":[{"name":"wp","href":"https:\/\/api.w.org\/{rel}","templated":true}]}}