{"id":253968,"date":"2022-11-16T11:54:15","date_gmt":"2022-11-16T11:54:15","guid":{"rendered":"https:\/\/mhr.com.pt\/product\/leslie-3\/"},"modified":"2022-11-16T11:54:15","modified_gmt":"2022-11-16T11:54:15","slug":"leslie-3","status":"publish","type":"product","link":"https:\/\/mhr.com.pt\/es\/product\/leslie-3\/","title":{"rendered":"Leslie."},"content":{"rendered":"<p>La mesilla de noche Leslie refleja las l\u00edneas limpias y el dise\u00f1o sofisticado de la colecci\u00f3n. Con una estructura minimalista y detalles refinados, ofrece una soluci\u00f3n de almacenamiento pr\u00e1ctica, complementando la est\u00e9tica din\u00e1mica de la cabecera.<\/p>\n<p>Su forma simple pero elegante la convierte en una pieza esencial para un dormitorio moderno.<\/p>\n","protected":false},"excerpt":{"rendered":"<p>MESILLA DE NOCHE<\/p>\n","protected":false},"featured_media":253953,"template":"","meta":{"_et_pb_use_builder":"","_et_pb_old_content":"","_et_gb_content_width":""},"product_brand":[],"product_cat":[609,621],"product_tag":[],"class_list":{"0":"post-253968","1":"product","2":"type-product","3":"status-publish","4":"has-post-thumbnail","6":"product_cat-accesorios-de-dormitorio","7":"product_cat-leslie-accesorios","9":"first","10":"instock","11":"shipping-taxable","12":"product-type-simple"},"_links":{"self":[{"href":"https:\/\/mhr.com.pt\/es\/wp-json\/wp\/v2\/product\/253968","targetHints":{"allow":["GET"]}}],"collection":[{"href":"https:\/\/mhr.com.pt\/es\/wp-json\/wp\/v2\/product"}],"about":[{"href":"https:\/\/mhr.com.pt\/es\/wp-json\/wp\/v2\/types\/product"}],"wp:featuredmedia":[{"embeddable":true,"href":"https:\/\/mhr.com.pt\/es\/wp-json\/wp\/v2\/media\/253953"}],"wp:attachment":[{"href":"https:\/\/mhr.com.pt\/es\/wp-json\/wp\/v2\/media?parent=253968"}],"wp:term":[{"taxonomy":"product_brand","embeddable":true,"href":"https:\/\/mhr.com.pt\/es\/wp-json\/wp\/v2\/product_brand?post=253968"},{"taxonomy":"product_cat","embeddable":true,"href":"https:\/\/mhr.com.pt\/es\/wp-json\/wp\/v2\/product_cat?post=253968"},{"taxonomy":"product_tag","embeddable":true,"href":"https:\/\/mhr.com.pt\/es\/wp-json\/wp\/v2\/product_tag?post=253968"}],"curies":[{"name":"wp","href":"https:\/\/api.w.org\/{rel}","templated":true}]}}