{"id":253970,"date":"2022-11-16T11:55:02","date_gmt":"2022-11-16T11:55:02","guid":{"rendered":"https:\/\/mhr.com.pt\/product\/leslie-4\/"},"modified":"2022-11-16T11:55:02","modified_gmt":"2022-11-16T11:55:02","slug":"leslie-4","status":"publish","type":"product","link":"https:\/\/mhr.com.pt\/es\/product\/leslie-4\/","title":{"rendered":"Leslie."},"content":{"rendered":"<p>La c\u00f3moda Leslie desprende el mismo sentido de elegancia y equilibrio, con un dise\u00f1o simple pero llamativo. Las l\u00edneas limpias de la c\u00f3moda contrastan de manera excelente con la textura din\u00e1mica y los detalles en relieve de la cabecera, creando un aspecto armonioso y sofisticado.<\/p>\n<p>Perfecta para a\u00f1adir almacenamiento sin comprometer la est\u00e9tica moderna.<\/p>\n","protected":false},"excerpt":{"rendered":"<p>C\u00d3MODA<\/p>\n","protected":false},"featured_media":253954,"template":"","meta":{"_et_pb_use_builder":"","_et_pb_old_content":"","_et_gb_content_width":""},"product_brand":[],"product_cat":[609,621],"product_tag":[],"class_list":{"0":"post-253970","1":"product","2":"type-product","3":"status-publish","4":"has-post-thumbnail","6":"product_cat-accesorios-de-dormitorio","7":"product_cat-leslie-accesorios","9":"first","10":"instock","11":"shipping-taxable","12":"product-type-simple"},"_links":{"self":[{"href":"https:\/\/mhr.com.pt\/es\/wp-json\/wp\/v2\/product\/253970","targetHints":{"allow":["GET"]}}],"collection":[{"href":"https:\/\/mhr.com.pt\/es\/wp-json\/wp\/v2\/product"}],"about":[{"href":"https:\/\/mhr.com.pt\/es\/wp-json\/wp\/v2\/types\/product"}],"wp:featuredmedia":[{"embeddable":true,"href":"https:\/\/mhr.com.pt\/es\/wp-json\/wp\/v2\/media\/253954"}],"wp:attachment":[{"href":"https:\/\/mhr.com.pt\/es\/wp-json\/wp\/v2\/media?parent=253970"}],"wp:term":[{"taxonomy":"product_brand","embeddable":true,"href":"https:\/\/mhr.com.pt\/es\/wp-json\/wp\/v2\/product_brand?post=253970"},{"taxonomy":"product_cat","embeddable":true,"href":"https:\/\/mhr.com.pt\/es\/wp-json\/wp\/v2\/product_cat?post=253970"},{"taxonomy":"product_tag","embeddable":true,"href":"https:\/\/mhr.com.pt\/es\/wp-json\/wp\/v2\/product_tag?post=253970"}],"curies":[{"name":"wp","href":"https:\/\/api.w.org\/{rel}","templated":true}]}}