{"id":253975,"date":"2022-11-16T11:56:55","date_gmt":"2022-11-16T11:56:55","guid":{"rendered":"https:\/\/mhr.com.pt\/product\/leslie-6\/"},"modified":"2022-11-16T11:56:55","modified_gmt":"2022-11-16T11:56:55","slug":"leslie-6","status":"publish","type":"product","link":"https:\/\/mhr.com.pt\/es\/product\/leslie-6\/","title":{"rendered":"Leslie."},"content":{"rendered":"<p>El espejo Leslie complementa la colecci\u00f3n con su marco refinado y minimalista, que refleja las l\u00edneas limpias de la cama y los muebles.<\/p>\n<p>Su dise\u00f1o simple pero elegante refleja la sofisticaci\u00f3n moderna del dormitorio, a\u00f1adiendo estilo y funcionalidad.<\/p>\n","protected":false},"excerpt":{"rendered":"<p>ESPEJO<\/p>\n","protected":false},"featured_media":253956,"template":"","meta":{"_et_pb_use_builder":"","_et_pb_old_content":"","_et_gb_content_width":""},"product_brand":[],"product_cat":[609,621],"product_tag":[],"class_list":{"0":"post-253975","1":"product","2":"type-product","3":"status-publish","4":"has-post-thumbnail","6":"product_cat-accesorios-de-dormitorio","7":"product_cat-leslie-accesorios","9":"first","10":"instock","11":"shipping-taxable","12":"product-type-simple"},"_links":{"self":[{"href":"https:\/\/mhr.com.pt\/es\/wp-json\/wp\/v2\/product\/253975","targetHints":{"allow":["GET"]}}],"collection":[{"href":"https:\/\/mhr.com.pt\/es\/wp-json\/wp\/v2\/product"}],"about":[{"href":"https:\/\/mhr.com.pt\/es\/wp-json\/wp\/v2\/types\/product"}],"wp:featuredmedia":[{"embeddable":true,"href":"https:\/\/mhr.com.pt\/es\/wp-json\/wp\/v2\/media\/253956"}],"wp:attachment":[{"href":"https:\/\/mhr.com.pt\/es\/wp-json\/wp\/v2\/media?parent=253975"}],"wp:term":[{"taxonomy":"product_brand","embeddable":true,"href":"https:\/\/mhr.com.pt\/es\/wp-json\/wp\/v2\/product_brand?post=253975"},{"taxonomy":"product_cat","embeddable":true,"href":"https:\/\/mhr.com.pt\/es\/wp-json\/wp\/v2\/product_cat?post=253975"},{"taxonomy":"product_tag","embeddable":true,"href":"https:\/\/mhr.com.pt\/es\/wp-json\/wp\/v2\/product_tag?post=253975"}],"curies":[{"name":"wp","href":"https:\/\/api.w.org\/{rel}","templated":true}]}}