{"id":253989,"date":"2022-06-14T17:22:58","date_gmt":"2022-06-14T16:22:58","guid":{"rendered":"https:\/\/mhr.com.pt\/product\/merida\/"},"modified":"2022-06-14T17:22:58","modified_gmt":"2022-06-14T16:22:58","slug":"merida","status":"publish","type":"product","link":"https:\/\/mhr.com.pt\/es\/product\/merida\/","title":{"rendered":"Merida."},"content":{"rendered":"<p>La cama Merida King-size ofrece una experiencia de sue\u00f1o indulgente con su cabecero grueso y mullido y una tapicer\u00eda excepcional. El acolchado adicional proporciona un alto nivel de confort, convirti\u00e9ndola en la pieza central ideal para cualquier dormitorio espacioso.<\/p>\n<p>La estructura delicadamente dise\u00f1ada y el vivo alrededor de la cama realzan el atractivo visual, creando un ambiente suave y lujoso.<\/p>\n","protected":false},"excerpt":{"rendered":"<p>CAMA KING-SIZE<\/p>\n","protected":false},"featured_media":253990,"template":"","meta":{"_et_pb_use_builder":"","_et_pb_old_content":"","_et_gb_content_width":""},"product_brand":[],"product_cat":[607,623],"product_tag":[],"class_list":{"0":"post-253989","1":"product","2":"type-product","3":"status-publish","4":"has-post-thumbnail","6":"product_cat-camas","7":"product_cat-merida-camas","9":"first","10":"instock","11":"virtual","12":"product-type-simple"},"_links":{"self":[{"href":"https:\/\/mhr.com.pt\/es\/wp-json\/wp\/v2\/product\/253989","targetHints":{"allow":["GET"]}}],"collection":[{"href":"https:\/\/mhr.com.pt\/es\/wp-json\/wp\/v2\/product"}],"about":[{"href":"https:\/\/mhr.com.pt\/es\/wp-json\/wp\/v2\/types\/product"}],"wp:featuredmedia":[{"embeddable":true,"href":"https:\/\/mhr.com.pt\/es\/wp-json\/wp\/v2\/media\/253990"}],"wp:attachment":[{"href":"https:\/\/mhr.com.pt\/es\/wp-json\/wp\/v2\/media?parent=253989"}],"wp:term":[{"taxonomy":"product_brand","embeddable":true,"href":"https:\/\/mhr.com.pt\/es\/wp-json\/wp\/v2\/product_brand?post=253989"},{"taxonomy":"product_cat","embeddable":true,"href":"https:\/\/mhr.com.pt\/es\/wp-json\/wp\/v2\/product_cat?post=253989"},{"taxonomy":"product_tag","embeddable":true,"href":"https:\/\/mhr.com.pt\/es\/wp-json\/wp\/v2\/product_tag?post=253989"}],"curies":[{"name":"wp","href":"https:\/\/api.w.org\/{rel}","templated":true}]}}