{"id":254001,"date":"2022-11-16T11:58:33","date_gmt":"2022-11-16T11:58:33","guid":{"rendered":"https:\/\/mhr.com.pt\/product\/merida-3\/"},"modified":"2022-11-16T11:58:33","modified_gmt":"2022-11-16T11:58:33","slug":"merida-3","status":"publish","type":"product","link":"https:\/\/mhr.com.pt\/es\/product\/merida-3\/","title":{"rendered":"Merida."},"content":{"rendered":"<p>La mesilla de noche Merida complementa la suavidad y el confort de la cama con su frente tapizado y su estructura delicada.<\/p>\n<p>Su dise\u00f1o simple pero elegante se integra a la perfecci\u00f3n en la est\u00e9tica general del dormitorio, ofreciendo almacenamiento pr\u00e1ctico y realzando la atm\u00f3sfera acogedora y lujosa.<\/p>\n","protected":false},"excerpt":{"rendered":"<p>MESILLA DE NOCHE<\/p>\n","protected":false},"featured_media":253986,"template":"","meta":{"_et_pb_use_builder":"","_et_pb_old_content":"","_et_gb_content_width":""},"product_brand":[],"product_cat":[609,624],"product_tag":[],"class_list":{"0":"post-254001","1":"product","2":"type-product","3":"status-publish","4":"has-post-thumbnail","6":"product_cat-accesorios-de-dormitorio","7":"product_cat-merida-accesorios","9":"first","10":"instock","11":"shipping-taxable","12":"product-type-simple"},"_links":{"self":[{"href":"https:\/\/mhr.com.pt\/es\/wp-json\/wp\/v2\/product\/254001","targetHints":{"allow":["GET"]}}],"collection":[{"href":"https:\/\/mhr.com.pt\/es\/wp-json\/wp\/v2\/product"}],"about":[{"href":"https:\/\/mhr.com.pt\/es\/wp-json\/wp\/v2\/types\/product"}],"wp:featuredmedia":[{"embeddable":true,"href":"https:\/\/mhr.com.pt\/es\/wp-json\/wp\/v2\/media\/253986"}],"wp:attachment":[{"href":"https:\/\/mhr.com.pt\/es\/wp-json\/wp\/v2\/media?parent=254001"}],"wp:term":[{"taxonomy":"product_brand","embeddable":true,"href":"https:\/\/mhr.com.pt\/es\/wp-json\/wp\/v2\/product_brand?post=254001"},{"taxonomy":"product_cat","embeddable":true,"href":"https:\/\/mhr.com.pt\/es\/wp-json\/wp\/v2\/product_cat?post=254001"},{"taxonomy":"product_tag","embeddable":true,"href":"https:\/\/mhr.com.pt\/es\/wp-json\/wp\/v2\/product_tag?post=254001"}],"curies":[{"name":"wp","href":"https:\/\/api.w.org\/{rel}","templated":true}]}}