{"id":254002,"date":"2022-11-16T11:59:18","date_gmt":"2022-11-16T11:59:18","guid":{"rendered":"https:\/\/mhr.com.pt\/product\/merida-4\/"},"modified":"2022-11-16T11:59:18","modified_gmt":"2022-11-16T11:59:18","slug":"merida-4","status":"publish","type":"product","link":"https:\/\/mhr.com.pt\/es\/product\/merida-4\/","title":{"rendered":"Merida."},"content":{"rendered":"<p>El espejo Merida es el reflejo perfecto del dise\u00f1o suave y lujoso de la colecci\u00f3n. Su marco elegante refleja las l\u00edneas delicadas del mobiliario, mientras que los detalles tapizados aportan un toque de sofisticaci\u00f3n.<\/p>\n<p>Este espejo realza la atm\u00f3sfera tranquila y acogedora del dormitorio.<\/p>\n","protected":false},"excerpt":{"rendered":"<p>ESPEJO<\/p>\n","protected":false},"featured_media":253987,"template":"","meta":{"_et_pb_use_builder":"","_et_pb_old_content":"","_et_gb_content_width":""},"product_brand":[],"product_cat":[609,624],"product_tag":[],"class_list":{"0":"post-254002","1":"product","2":"type-product","3":"status-publish","4":"has-post-thumbnail","6":"product_cat-accesorios-de-dormitorio","7":"product_cat-merida-accesorios","9":"first","10":"instock","11":"shipping-taxable","12":"product-type-simple"},"_links":{"self":[{"href":"https:\/\/mhr.com.pt\/es\/wp-json\/wp\/v2\/product\/254002","targetHints":{"allow":["GET"]}}],"collection":[{"href":"https:\/\/mhr.com.pt\/es\/wp-json\/wp\/v2\/product"}],"about":[{"href":"https:\/\/mhr.com.pt\/es\/wp-json\/wp\/v2\/types\/product"}],"wp:featuredmedia":[{"embeddable":true,"href":"https:\/\/mhr.com.pt\/es\/wp-json\/wp\/v2\/media\/253987"}],"wp:attachment":[{"href":"https:\/\/mhr.com.pt\/es\/wp-json\/wp\/v2\/media?parent=254002"}],"wp:term":[{"taxonomy":"product_brand","embeddable":true,"href":"https:\/\/mhr.com.pt\/es\/wp-json\/wp\/v2\/product_brand?post=254002"},{"taxonomy":"product_cat","embeddable":true,"href":"https:\/\/mhr.com.pt\/es\/wp-json\/wp\/v2\/product_cat?post=254002"},{"taxonomy":"product_tag","embeddable":true,"href":"https:\/\/mhr.com.pt\/es\/wp-json\/wp\/v2\/product_tag?post=254002"}],"curies":[{"name":"wp","href":"https:\/\/api.w.org\/{rel}","templated":true}]}}