{"id":254003,"date":"2022-11-16T12:00:04","date_gmt":"2022-11-16T12:00:04","guid":{"rendered":"https:\/\/mhr.com.pt\/product\/merida-5\/"},"modified":"2022-11-16T12:00:04","modified_gmt":"2022-11-16T12:00:04","slug":"merida-5","status":"publish","type":"product","link":"https:\/\/mhr.com.pt\/es\/product\/merida-5\/","title":{"rendered":"Merida."},"content":{"rendered":"<p>El taburete Merida a\u00f1ade un toque de lujo y confort al dormitorio con su asiento tapizado y estructura delicada.<\/p>\n<p>Su dise\u00f1o suave complementa la est\u00e9tica general de la colecci\u00f3n, convirti\u00e9ndolo en un complemento perfecto para un espacio de dormitorio acogedor y refinado.<\/p>\n","protected":false},"excerpt":{"rendered":"<p>TABURETE<\/p>\n","protected":false},"featured_media":253988,"template":"","meta":{"_et_pb_use_builder":"","_et_pb_old_content":"","_et_gb_content_width":""},"product_brand":[],"product_cat":[609,624],"product_tag":[],"class_list":{"0":"post-254003","1":"product","2":"type-product","3":"status-publish","4":"has-post-thumbnail","6":"product_cat-accesorios-de-dormitorio","7":"product_cat-merida-accesorios","9":"first","10":"instock","11":"shipping-taxable","12":"product-type-simple"},"_links":{"self":[{"href":"https:\/\/mhr.com.pt\/es\/wp-json\/wp\/v2\/product\/254003","targetHints":{"allow":["GET"]}}],"collection":[{"href":"https:\/\/mhr.com.pt\/es\/wp-json\/wp\/v2\/product"}],"about":[{"href":"https:\/\/mhr.com.pt\/es\/wp-json\/wp\/v2\/types\/product"}],"wp:featuredmedia":[{"embeddable":true,"href":"https:\/\/mhr.com.pt\/es\/wp-json\/wp\/v2\/media\/253988"}],"wp:attachment":[{"href":"https:\/\/mhr.com.pt\/es\/wp-json\/wp\/v2\/media?parent=254003"}],"wp:term":[{"taxonomy":"product_brand","embeddable":true,"href":"https:\/\/mhr.com.pt\/es\/wp-json\/wp\/v2\/product_brand?post=254003"},{"taxonomy":"product_cat","embeddable":true,"href":"https:\/\/mhr.com.pt\/es\/wp-json\/wp\/v2\/product_cat?post=254003"},{"taxonomy":"product_tag","embeddable":true,"href":"https:\/\/mhr.com.pt\/es\/wp-json\/wp\/v2\/product_tag?post=254003"}],"curies":[{"name":"wp","href":"https:\/\/api.w.org\/{rel}","templated":true}]}}