{"id":254013,"date":"2021-02-26T12:54:10","date_gmt":"2021-02-26T12:54:10","guid":{"rendered":"https:\/\/mhr.com.pt\/product\/naomi\/"},"modified":"2021-02-26T12:54:10","modified_gmt":"2021-02-26T12:54:10","slug":"naomi","status":"publish","type":"product","link":"https:\/\/mhr.com.pt\/es\/product\/naomi\/","title":{"rendered":"Naomi."},"content":{"rendered":"<p>La cama Naomi se destaca por su cabecera de formas org\u00e1nicas, que crea una sensaci\u00f3n de movimiento y fluidez. Los detalles met\u00e1licos aportan equilibrio y sofisticaci\u00f3n, mientras que el tapizado suave ofrece confort y lujo.<\/p>\n<p>Las patas delicadas completan el conjunto con su sutil elegancia, haciendo de la cama Naomi la pieza central perfecta para cualquier dormitorio refinado.<\/p>\n","protected":false},"excerpt":{"rendered":"<p>CAMA<\/p>\n","protected":false},"featured_media":254020,"template":"","meta":{"_et_pb_use_builder":"","_et_pb_old_content":"","_et_gb_content_width":""},"product_brand":[],"product_cat":[607,625],"product_tag":[],"class_list":{"0":"post-254013","1":"product","2":"type-product","3":"status-publish","4":"has-post-thumbnail","6":"product_cat-camas","7":"product_cat-naomi-cama","9":"first","10":"instock","11":"virtual","12":"product-type-simple"},"_links":{"self":[{"href":"https:\/\/mhr.com.pt\/es\/wp-json\/wp\/v2\/product\/254013","targetHints":{"allow":["GET"]}}],"collection":[{"href":"https:\/\/mhr.com.pt\/es\/wp-json\/wp\/v2\/product"}],"about":[{"href":"https:\/\/mhr.com.pt\/es\/wp-json\/wp\/v2\/types\/product"}],"wp:featuredmedia":[{"embeddable":true,"href":"https:\/\/mhr.com.pt\/es\/wp-json\/wp\/v2\/media\/254020"}],"wp:attachment":[{"href":"https:\/\/mhr.com.pt\/es\/wp-json\/wp\/v2\/media?parent=254013"}],"wp:term":[{"taxonomy":"product_brand","embeddable":true,"href":"https:\/\/mhr.com.pt\/es\/wp-json\/wp\/v2\/product_brand?post=254013"},{"taxonomy":"product_cat","embeddable":true,"href":"https:\/\/mhr.com.pt\/es\/wp-json\/wp\/v2\/product_cat?post=254013"},{"taxonomy":"product_tag","embeddable":true,"href":"https:\/\/mhr.com.pt\/es\/wp-json\/wp\/v2\/product_tag?post=254013"}],"curies":[{"name":"wp","href":"https:\/\/api.w.org\/{rel}","templated":true}]}}