{"id":254021,"date":"2021-03-01T10:14:27","date_gmt":"2021-03-01T10:14:27","guid":{"rendered":"https:\/\/mhr.com.pt\/product\/naomi-2\/"},"modified":"2021-03-01T10:14:27","modified_gmt":"2021-03-01T10:14:27","slug":"naomi-2","status":"publish","type":"product","link":"https:\/\/mhr.com.pt\/es\/product\/naomi-2\/","title":{"rendered":"Naomi."},"content":{"rendered":"<p>El espejo Naomi refleja el dise\u00f1o org\u00e1nico y fluido de la l\u00ednea de dormitorio, con sus suaves curvas y sutiles detalles met\u00e1licos. El marco elegante complementa los muebles, realzando la sensaci\u00f3n general de equilibrio y sofisticaci\u00f3n en la habitaci\u00f3n.<\/p>\n<p>Este espejo aporta un toque de lujo y refinamiento, reflejando la atm\u00f3sfera tranquila de la colecci\u00f3n Naomi.<\/p>\n","protected":false},"excerpt":{"rendered":"<p>ESPEJO<\/p>\n","protected":false},"featured_media":254022,"template":"","meta":{"_et_pb_use_builder":"","_et_pb_old_content":"","_et_gb_content_width":""},"product_brand":[],"product_cat":[609,626],"product_tag":[],"class_list":{"0":"post-254021","1":"product","2":"type-product","3":"status-publish","4":"has-post-thumbnail","6":"product_cat-accesorios-de-dormitorio","7":"product_cat-naomi-accesorios","9":"first","10":"instock","11":"virtual","12":"product-type-simple"},"_links":{"self":[{"href":"https:\/\/mhr.com.pt\/es\/wp-json\/wp\/v2\/product\/254021","targetHints":{"allow":["GET"]}}],"collection":[{"href":"https:\/\/mhr.com.pt\/es\/wp-json\/wp\/v2\/product"}],"about":[{"href":"https:\/\/mhr.com.pt\/es\/wp-json\/wp\/v2\/types\/product"}],"wp:featuredmedia":[{"embeddable":true,"href":"https:\/\/mhr.com.pt\/es\/wp-json\/wp\/v2\/media\/254022"}],"wp:attachment":[{"href":"https:\/\/mhr.com.pt\/es\/wp-json\/wp\/v2\/media?parent=254021"}],"wp:term":[{"taxonomy":"product_brand","embeddable":true,"href":"https:\/\/mhr.com.pt\/es\/wp-json\/wp\/v2\/product_brand?post=254021"},{"taxonomy":"product_cat","embeddable":true,"href":"https:\/\/mhr.com.pt\/es\/wp-json\/wp\/v2\/product_cat?post=254021"},{"taxonomy":"product_tag","embeddable":true,"href":"https:\/\/mhr.com.pt\/es\/wp-json\/wp\/v2\/product_tag?post=254021"}],"curies":[{"name":"wp","href":"https:\/\/api.w.org\/{rel}","templated":true}]}}