{"id":254036,"date":"2022-06-14T17:24:50","date_gmt":"2022-06-14T16:24:50","guid":{"rendered":"https:\/\/mhr.com.pt\/product\/nara\/"},"modified":"2022-06-14T17:24:50","modified_gmt":"2022-06-14T16:24:50","slug":"nara","status":"publish","type":"product","link":"https:\/\/mhr.com.pt\/es\/product\/nara\/","title":{"rendered":"Nara."},"content":{"rendered":"<p>La cama Nara se distingue por su cabecero suspendido, que le da un aspecto ligero y aireado, mientras que los pliegues del panel crean un espacio \u00edntimo y acogedor. Las secciones acolchadas y voluminosas a\u00f1aden una capa extra de lujo, y las l\u00edneas horizontales proporcionan al conjunto una sensaci\u00f3n de armon\u00eda.<\/p>\n<p>El dise\u00f1o de la cama es elegante y acogedor, perfecto para crear un refugio refinado y confortable.<\/p>\n","protected":false},"excerpt":{"rendered":"<p>CAMA<\/p>\n","protected":false},"featured_media":254037,"template":"","meta":{"_et_pb_use_builder":"","_et_pb_old_content":"","_et_gb_content_width":""},"product_brand":[],"product_cat":[607,627],"product_tag":[],"class_list":{"0":"post-254036","1":"product","2":"type-product","3":"status-publish","4":"has-post-thumbnail","6":"product_cat-camas","7":"product_cat-nara-cama","9":"first","10":"instock","11":"virtual","12":"product-type-simple"},"_links":{"self":[{"href":"https:\/\/mhr.com.pt\/es\/wp-json\/wp\/v2\/product\/254036","targetHints":{"allow":["GET"]}}],"collection":[{"href":"https:\/\/mhr.com.pt\/es\/wp-json\/wp\/v2\/product"}],"about":[{"href":"https:\/\/mhr.com.pt\/es\/wp-json\/wp\/v2\/types\/product"}],"wp:featuredmedia":[{"embeddable":true,"href":"https:\/\/mhr.com.pt\/es\/wp-json\/wp\/v2\/media\/254037"}],"wp:attachment":[{"href":"https:\/\/mhr.com.pt\/es\/wp-json\/wp\/v2\/media?parent=254036"}],"wp:term":[{"taxonomy":"product_brand","embeddable":true,"href":"https:\/\/mhr.com.pt\/es\/wp-json\/wp\/v2\/product_brand?post=254036"},{"taxonomy":"product_cat","embeddable":true,"href":"https:\/\/mhr.com.pt\/es\/wp-json\/wp\/v2\/product_cat?post=254036"},{"taxonomy":"product_tag","embeddable":true,"href":"https:\/\/mhr.com.pt\/es\/wp-json\/wp\/v2\/product_tag?post=254036"}],"curies":[{"name":"wp","href":"https:\/\/api.w.org\/{rel}","templated":true}]}}