{"id":254039,"date":"2022-11-16T12:00:46","date_gmt":"2022-11-16T12:00:46","guid":{"rendered":"https:\/\/mhr.com.pt\/product\/nara-2\/"},"modified":"2022-11-16T12:00:46","modified_gmt":"2022-11-16T12:00:46","slug":"nara-2","status":"publish","type":"product","link":"https:\/\/mhr.com.pt\/es\/product\/nara-2\/","title":{"rendered":"Nara."},"content":{"rendered":"<p>La mesilla de noche Nara refleja el dise\u00f1o de la cama con sus sutiles cortes diagonales y su suave tapizado.<\/p>\n<p>Los detalles texturizados en el frente crean una superficie visualmente din\u00e1mica, a\u00f1adiendo profundidad e inter\u00e9s. Las l\u00edneas limpias y el dise\u00f1o minimalista aportan sofisticaci\u00f3n y funcionalidad, siendo el complemento perfecto para la cama Nara.<\/p>\n","protected":false},"excerpt":{"rendered":"<p>MESILLA DE NOCHE<\/p>\n","protected":false},"featured_media":254031,"template":"","meta":{"_et_pb_use_builder":"","_et_pb_old_content":"","_et_gb_content_width":""},"product_brand":[],"product_cat":[609,628],"product_tag":[],"class_list":{"0":"post-254039","1":"product","2":"type-product","3":"status-publish","4":"has-post-thumbnail","6":"product_cat-accesorios-de-dormitorio","7":"product_cat-nara-accesorios","9":"first","10":"instock","11":"shipping-taxable","12":"product-type-simple"},"_links":{"self":[{"href":"https:\/\/mhr.com.pt\/es\/wp-json\/wp\/v2\/product\/254039","targetHints":{"allow":["GET"]}}],"collection":[{"href":"https:\/\/mhr.com.pt\/es\/wp-json\/wp\/v2\/product"}],"about":[{"href":"https:\/\/mhr.com.pt\/es\/wp-json\/wp\/v2\/types\/product"}],"wp:featuredmedia":[{"embeddable":true,"href":"https:\/\/mhr.com.pt\/es\/wp-json\/wp\/v2\/media\/254031"}],"wp:attachment":[{"href":"https:\/\/mhr.com.pt\/es\/wp-json\/wp\/v2\/media?parent=254039"}],"wp:term":[{"taxonomy":"product_brand","embeddable":true,"href":"https:\/\/mhr.com.pt\/es\/wp-json\/wp\/v2\/product_brand?post=254039"},{"taxonomy":"product_cat","embeddable":true,"href":"https:\/\/mhr.com.pt\/es\/wp-json\/wp\/v2\/product_cat?post=254039"},{"taxonomy":"product_tag","embeddable":true,"href":"https:\/\/mhr.com.pt\/es\/wp-json\/wp\/v2\/product_tag?post=254039"}],"curies":[{"name":"wp","href":"https:\/\/api.w.org\/{rel}","templated":true}]}}