{"id":254041,"date":"2022-11-16T12:01:26","date_gmt":"2022-11-16T12:01:26","guid":{"rendered":"https:\/\/mhr.com.pt\/product\/nara-3\/"},"modified":"2025-12-22T16:58:47","modified_gmt":"2025-12-22T16:58:47","slug":"nara-3","status":"publish","type":"product","link":"https:\/\/mhr.com.pt\/es\/product\/nara-3\/","title":{"rendered":"Nara."},"content":{"rendered":"<p>La c\u00f3moda Nara combina practicidade con una elegancia refinada. Sus cortes diagonales y el tapizado texturizado reflejan los mismos principios de dise\u00f1o que la cama, mientras que los amplios cajones ofrecen un gran espacio de almacenamiento.<\/p>\n<p>Las l\u00edneas horizontales de la c\u00f3moda crean un aspecto elegante y moderno, complementando las dem\u00e1s piezas de la colecci\u00f3n.<\/p>\n","protected":false},"excerpt":{"rendered":"<p>C\u00d3MODA<\/p>\n","protected":false},"featured_media":254032,"template":"","meta":{"_et_pb_use_builder":"","_et_pb_old_content":"","_et_gb_content_width":""},"product_brand":[],"product_cat":[609,628],"product_tag":[],"class_list":{"0":"post-254041","1":"product","2":"type-product","3":"status-publish","4":"has-post-thumbnail","6":"product_cat-accesorios-de-dormitorio","7":"product_cat-nara-accesorios","9":"first","10":"instock","11":"shipping-taxable","12":"product-type-simple"},"_links":{"self":[{"href":"https:\/\/mhr.com.pt\/es\/wp-json\/wp\/v2\/product\/254041","targetHints":{"allow":["GET"]}}],"collection":[{"href":"https:\/\/mhr.com.pt\/es\/wp-json\/wp\/v2\/product"}],"about":[{"href":"https:\/\/mhr.com.pt\/es\/wp-json\/wp\/v2\/types\/product"}],"wp:featuredmedia":[{"embeddable":true,"href":"https:\/\/mhr.com.pt\/es\/wp-json\/wp\/v2\/media\/254032"}],"wp:attachment":[{"href":"https:\/\/mhr.com.pt\/es\/wp-json\/wp\/v2\/media?parent=254041"}],"wp:term":[{"taxonomy":"product_brand","embeddable":true,"href":"https:\/\/mhr.com.pt\/es\/wp-json\/wp\/v2\/product_brand?post=254041"},{"taxonomy":"product_cat","embeddable":true,"href":"https:\/\/mhr.com.pt\/es\/wp-json\/wp\/v2\/product_cat?post=254041"},{"taxonomy":"product_tag","embeddable":true,"href":"https:\/\/mhr.com.pt\/es\/wp-json\/wp\/v2\/product_tag?post=254041"}],"curies":[{"name":"wp","href":"https:\/\/api.w.org\/{rel}","templated":true}]}}