{"id":254042,"date":"2022-11-16T12:02:02","date_gmt":"2022-11-16T12:02:02","guid":{"rendered":"https:\/\/mhr.com.pt\/product\/nara-4\/"},"modified":"2022-11-16T12:02:02","modified_gmt":"2022-11-16T12:02:02","slug":"nara-4","status":"publish","type":"product","link":"https:\/\/mhr.com.pt\/es\/product\/nara-4\/","title":{"rendered":"Nara."},"content":{"rendered":"<p>El camisero Nara destaca por su dise\u00f1o diagonal y su elegante tapizado, ofreciendo un aspecto y una sensaci\u00f3n lujosos. Los paneles frontales texturizados a\u00f1aden una dimensi\u00f3n t\u00e1ctil, mientras que las l\u00edneas horizontales mantienen la pieza equilibrada y armoniosa.<\/p>\n<p>Este camisero realza la sensaci\u00f3n moderna y sofisticada del dormitorio Nara.<\/p>\n","protected":false},"excerpt":{"rendered":"<p>CAMISERO<\/p>\n","protected":false},"featured_media":254033,"template":"","meta":{"_et_pb_use_builder":"","_et_pb_old_content":"","_et_gb_content_width":""},"product_brand":[],"product_cat":[609,628],"product_tag":[],"class_list":{"0":"post-254042","1":"product","2":"type-product","3":"status-publish","4":"has-post-thumbnail","6":"product_cat-accesorios-de-dormitorio","7":"product_cat-nara-accesorios","9":"first","10":"instock","11":"shipping-taxable","12":"product-type-simple"},"_links":{"self":[{"href":"https:\/\/mhr.com.pt\/es\/wp-json\/wp\/v2\/product\/254042","targetHints":{"allow":["GET"]}}],"collection":[{"href":"https:\/\/mhr.com.pt\/es\/wp-json\/wp\/v2\/product"}],"about":[{"href":"https:\/\/mhr.com.pt\/es\/wp-json\/wp\/v2\/types\/product"}],"wp:featuredmedia":[{"embeddable":true,"href":"https:\/\/mhr.com.pt\/es\/wp-json\/wp\/v2\/media\/254033"}],"wp:attachment":[{"href":"https:\/\/mhr.com.pt\/es\/wp-json\/wp\/v2\/media?parent=254042"}],"wp:term":[{"taxonomy":"product_brand","embeddable":true,"href":"https:\/\/mhr.com.pt\/es\/wp-json\/wp\/v2\/product_brand?post=254042"},{"taxonomy":"product_cat","embeddable":true,"href":"https:\/\/mhr.com.pt\/es\/wp-json\/wp\/v2\/product_cat?post=254042"},{"taxonomy":"product_tag","embeddable":true,"href":"https:\/\/mhr.com.pt\/es\/wp-json\/wp\/v2\/product_tag?post=254042"}],"curies":[{"name":"wp","href":"https:\/\/api.w.org\/{rel}","templated":true}]}}