{"id":254044,"date":"2022-11-16T12:03:31","date_gmt":"2022-11-16T12:03:31","guid":{"rendered":"https:\/\/mhr.com.pt\/product\/nara-5\/"},"modified":"2022-11-16T12:03:31","modified_gmt":"2022-11-16T12:03:31","slug":"nara-5","status":"publish","type":"product","link":"https:\/\/mhr.com.pt\/es\/product\/nara-5\/","title":{"rendered":"Nara."},"content":{"rendered":"<p>El taburete Nara es una adici\u00f3n elegante a la colecci\u00f3n, con los mismos detalles diagonales y tapizado texturizado que las dem\u00e1s piezas.<\/p>\n<p>Sus l\u00edneas limpias y dise\u00f1o compacto ofrecen versatilidad, manteniendo la est\u00e9tica lujosa y moderna del dormitorio Nara. El taburete proporciona una opci\u00f3n de asiento funcional y elegante.<\/p>\n","protected":false},"excerpt":{"rendered":"<p>TABURETE<\/p>\n","protected":false},"featured_media":254035,"template":"","meta":{"_et_pb_use_builder":"","_et_pb_old_content":"","_et_gb_content_width":""},"product_brand":[],"product_cat":[609,628],"product_tag":[],"class_list":{"0":"post-254044","1":"product","2":"type-product","3":"status-publish","4":"has-post-thumbnail","6":"product_cat-accesorios-de-dormitorio","7":"product_cat-nara-accesorios","9":"first","10":"instock","11":"shipping-taxable","12":"product-type-simple"},"_links":{"self":[{"href":"https:\/\/mhr.com.pt\/es\/wp-json\/wp\/v2\/product\/254044","targetHints":{"allow":["GET"]}}],"collection":[{"href":"https:\/\/mhr.com.pt\/es\/wp-json\/wp\/v2\/product"}],"about":[{"href":"https:\/\/mhr.com.pt\/es\/wp-json\/wp\/v2\/types\/product"}],"wp:featuredmedia":[{"embeddable":true,"href":"https:\/\/mhr.com.pt\/es\/wp-json\/wp\/v2\/media\/254035"}],"wp:attachment":[{"href":"https:\/\/mhr.com.pt\/es\/wp-json\/wp\/v2\/media?parent=254044"}],"wp:term":[{"taxonomy":"product_brand","embeddable":true,"href":"https:\/\/mhr.com.pt\/es\/wp-json\/wp\/v2\/product_brand?post=254044"},{"taxonomy":"product_cat","embeddable":true,"href":"https:\/\/mhr.com.pt\/es\/wp-json\/wp\/v2\/product_cat?post=254044"},{"taxonomy":"product_tag","embeddable":true,"href":"https:\/\/mhr.com.pt\/es\/wp-json\/wp\/v2\/product_tag?post=254044"}],"curies":[{"name":"wp","href":"https:\/\/api.w.org\/{rel}","templated":true}]}}