{"id":254062,"date":"2025-03-25T11:16:25","date_gmt":"2025-03-25T11:16:25","guid":{"rendered":"https:\/\/mhr.com.pt\/product\/noah\/"},"modified":"2025-03-25T11:16:25","modified_gmt":"2025-03-25T11:16:25","slug":"noah","status":"publish","type":"product","link":"https:\/\/mhr.com.pt\/es\/product\/noah\/","title":{"rendered":"Noah."},"content":{"rendered":"<p>La cama King-size NOAH es la m\u00e1xima expresi\u00f3n de lujo. Con un marco bellamente tapizado y exquisitos detalles met\u00e1licos, esta cama aporta opulencia y elegancia a cualquier dormitorio. Los materiales cuidadosamente seleccionados y la perfecta artesan\u00eda se combinan para crear una pieza que encarna un estilo atemporal.<\/p>\n<p>Con la opci\u00f3n adicional de mesitas de noche acr\u00edlicas integradas en la cabecera, la cama King-size NOAH se convierte en una pieza destacada en cualquier ambiente de dormitorio lujoso.<\/p>\n","protected":false},"excerpt":{"rendered":"<p>CAMA KING-SIZE<\/p>\n","protected":false},"featured_media":254063,"template":"","meta":{"_et_pb_use_builder":"","_et_pb_old_content":"","_et_gb_content_width":""},"product_brand":[],"product_cat":[607,629],"product_tag":[],"class_list":{"0":"post-254062","1":"product","2":"type-product","3":"status-publish","4":"has-post-thumbnail","6":"product_cat-camas","7":"product_cat-noah-camas","9":"first","10":"instock","11":"virtual","12":"product-type-simple"},"_links":{"self":[{"href":"https:\/\/mhr.com.pt\/es\/wp-json\/wp\/v2\/product\/254062","targetHints":{"allow":["GET"]}}],"collection":[{"href":"https:\/\/mhr.com.pt\/es\/wp-json\/wp\/v2\/product"}],"about":[{"href":"https:\/\/mhr.com.pt\/es\/wp-json\/wp\/v2\/types\/product"}],"wp:featuredmedia":[{"embeddable":true,"href":"https:\/\/mhr.com.pt\/es\/wp-json\/wp\/v2\/media\/254063"}],"wp:attachment":[{"href":"https:\/\/mhr.com.pt\/es\/wp-json\/wp\/v2\/media?parent=254062"}],"wp:term":[{"taxonomy":"product_brand","embeddable":true,"href":"https:\/\/mhr.com.pt\/es\/wp-json\/wp\/v2\/product_brand?post=254062"},{"taxonomy":"product_cat","embeddable":true,"href":"https:\/\/mhr.com.pt\/es\/wp-json\/wp\/v2\/product_cat?post=254062"},{"taxonomy":"product_tag","embeddable":true,"href":"https:\/\/mhr.com.pt\/es\/wp-json\/wp\/v2\/product_tag?post=254062"}],"curies":[{"name":"wp","href":"https:\/\/api.w.org\/{rel}","templated":true}]}}