{"id":254066,"date":"2025-03-25T11:18:48","date_gmt":"2025-03-25T11:18:48","guid":{"rendered":"https:\/\/mhr.com.pt\/product\/noah-2\/"},"modified":"2025-03-25T11:18:48","modified_gmt":"2025-03-25T11:18:48","slug":"noah-2","status":"publish","type":"product","link":"https:\/\/mhr.com.pt\/es\/product\/noah-2\/","title":{"rendered":"Noah."},"content":{"rendered":"<p>La cama Standard NOAH combina lujo refinado con dise\u00f1o moderno. El marco meticulosamente tapizado y los detalles met\u00e1licos aportan sofisticaci\u00f3n a cualquier dormitorio. Fabricada con los mejores materiales y atenci\u00f3n al detalle, esta cama proporciona el equilibrio perfecto entre estilo y confort.<\/p>\n<p>La incorporaci\u00f3n de detalles met\u00e1licos a\u00f1ade un toque de opulencia, mientras que su dise\u00f1o simple pero sofisticado se integra perfectamente en diversos estilos de dormitorio.<\/p>\n","protected":false},"excerpt":{"rendered":"<p>CAMA<\/p>\n","protected":false},"featured_media":254064,"template":"","meta":{"_et_pb_use_builder":"","_et_pb_old_content":"","_et_gb_content_width":""},"product_brand":[],"product_cat":[607,629],"product_tag":[],"class_list":{"0":"post-254066","1":"product","2":"type-product","3":"status-publish","4":"has-post-thumbnail","6":"product_cat-camas","7":"product_cat-noah-camas","9":"first","10":"instock","11":"virtual","12":"product-type-simple"},"_links":{"self":[{"href":"https:\/\/mhr.com.pt\/es\/wp-json\/wp\/v2\/product\/254066","targetHints":{"allow":["GET"]}}],"collection":[{"href":"https:\/\/mhr.com.pt\/es\/wp-json\/wp\/v2\/product"}],"about":[{"href":"https:\/\/mhr.com.pt\/es\/wp-json\/wp\/v2\/types\/product"}],"wp:featuredmedia":[{"embeddable":true,"href":"https:\/\/mhr.com.pt\/es\/wp-json\/wp\/v2\/media\/254064"}],"wp:attachment":[{"href":"https:\/\/mhr.com.pt\/es\/wp-json\/wp\/v2\/media?parent=254066"}],"wp:term":[{"taxonomy":"product_brand","embeddable":true,"href":"https:\/\/mhr.com.pt\/es\/wp-json\/wp\/v2\/product_brand?post=254066"},{"taxonomy":"product_cat","embeddable":true,"href":"https:\/\/mhr.com.pt\/es\/wp-json\/wp\/v2\/product_cat?post=254066"},{"taxonomy":"product_tag","embeddable":true,"href":"https:\/\/mhr.com.pt\/es\/wp-json\/wp\/v2\/product_tag?post=254066"}],"curies":[{"name":"wp","href":"https:\/\/api.w.org\/{rel}","templated":true}]}}