{"id":254075,"date":"2022-06-14T17:26:03","date_gmt":"2022-06-14T16:26:03","guid":{"rendered":"https:\/\/mhr.com.pt\/product\/olivia\/"},"modified":"2022-06-14T17:26:03","modified_gmt":"2022-06-14T16:26:03","slug":"olivia","status":"publish","type":"product","link":"https:\/\/mhr.com.pt\/es\/product\/olivia\/","title":{"rendered":"Olivia."},"content":{"rendered":"<p>La cama OLIVIA es la m\u00e1xima expresi\u00f3n del dise\u00f1o cl\u00e1sico contempor\u00e1neo. Su aut\u00e9ntico capiton\u00e9 la distingue, ofreciendo un toque atemporal a su dormitorio. La base s\u00f3lida de la cama se extiende hasta el suelo, creando una sensaci\u00f3n de estabilidad y presencia.<\/p>\n<p>Una caracter\u00edstica adicional es el somier elevable, que no solo aumenta la capacidad de almacenamiento, sino que tambi\u00e9n aporta una practicidade moderna a esta hermosa pieza de mobiliario.<\/p>\n","protected":false},"excerpt":{"rendered":"<p>CAMA<\/p>\n","protected":false},"featured_media":254076,"template":"","meta":{"_et_pb_use_builder":"","_et_pb_old_content":"","_et_gb_content_width":""},"product_brand":[],"product_cat":[607,630],"product_tag":[],"class_list":{"0":"post-254075","1":"product","2":"type-product","3":"status-publish","4":"has-post-thumbnail","6":"product_cat-camas","7":"product_cat-olivia-cama","9":"first","10":"instock","11":"virtual","12":"product-type-simple"},"_links":{"self":[{"href":"https:\/\/mhr.com.pt\/es\/wp-json\/wp\/v2\/product\/254075","targetHints":{"allow":["GET"]}}],"collection":[{"href":"https:\/\/mhr.com.pt\/es\/wp-json\/wp\/v2\/product"}],"about":[{"href":"https:\/\/mhr.com.pt\/es\/wp-json\/wp\/v2\/types\/product"}],"wp:featuredmedia":[{"embeddable":true,"href":"https:\/\/mhr.com.pt\/es\/wp-json\/wp\/v2\/media\/254076"}],"wp:attachment":[{"href":"https:\/\/mhr.com.pt\/es\/wp-json\/wp\/v2\/media?parent=254075"}],"wp:term":[{"taxonomy":"product_brand","embeddable":true,"href":"https:\/\/mhr.com.pt\/es\/wp-json\/wp\/v2\/product_brand?post=254075"},{"taxonomy":"product_cat","embeddable":true,"href":"https:\/\/mhr.com.pt\/es\/wp-json\/wp\/v2\/product_cat?post=254075"},{"taxonomy":"product_tag","embeddable":true,"href":"https:\/\/mhr.com.pt\/es\/wp-json\/wp\/v2\/product_tag?post=254075"}],"curies":[{"name":"wp","href":"https:\/\/api.w.org\/{rel}","templated":true}]}}