{"id":254080,"date":"2025-03-31T14:58:05","date_gmt":"2025-03-31T13:58:05","guid":{"rendered":"https:\/\/mhr.com.pt\/product\/kaori\/"},"modified":"2025-03-31T14:58:05","modified_gmt":"2025-03-31T13:58:05","slug":"kaori","status":"publish","type":"product","link":"https:\/\/mhr.com.pt\/es\/product\/kaori\/","title":{"rendered":"Kaori."},"content":{"rendered":"<p>La table de chevet Kaori apporte une esth\u00e9tique moderne et raffin\u00e9e \u00e0 la chambre.<\/p>\n<p>Avec des lignes droites et \u00e9pur\u00e9es, elle dispose d\u2019un tiroir spacieux \u00e9quip\u00e9 d\u2019une poign\u00e9e discr\u00e8tement int\u00e9gr\u00e9e dans le bord sup\u00e9rieur, pr\u00e9servant l\u2019aspect minimaliste de la pi\u00e8ce. Le plateau est encadr\u00e9 par une bordure sur\u00e9lev\u00e9e, servant de plateau int\u00e9gr\u00e9 \u2014 parfait pour organiser de petits objets ou mettre en valeur des \u00e9l\u00e9ments d\u00e9coratifs.<\/p>\n<p>Reposant sur des pieds en acrylique transparent, la pi\u00e8ce semble flotter au-dessus du sol, ajoutant l\u00e9g\u00e8ret\u00e9 et \u00e9l\u00e9gance \u00e0 tout espace.<\/p>\n","protected":false},"excerpt":{"rendered":"<p>MESILLA DE NOCHE<\/p>\n","protected":false},"featured_media":254081,"template":"","meta":{"_et_pb_use_builder":"","_et_pb_old_content":"","_et_gb_content_width":""},"product_brand":[],"product_cat":[609,631],"product_tag":[],"class_list":{"0":"post-254080","1":"product","2":"type-product","3":"status-publish","4":"has-post-thumbnail","6":"product_cat-accesorios-de-dormitorio","7":"product_cat-kaori-accesorios","9":"first","10":"instock","11":"shipping-taxable","12":"product-type-simple"},"_links":{"self":[{"href":"https:\/\/mhr.com.pt\/es\/wp-json\/wp\/v2\/product\/254080","targetHints":{"allow":["GET"]}}],"collection":[{"href":"https:\/\/mhr.com.pt\/es\/wp-json\/wp\/v2\/product"}],"about":[{"href":"https:\/\/mhr.com.pt\/es\/wp-json\/wp\/v2\/types\/product"}],"wp:featuredmedia":[{"embeddable":true,"href":"https:\/\/mhr.com.pt\/es\/wp-json\/wp\/v2\/media\/254081"}],"wp:attachment":[{"href":"https:\/\/mhr.com.pt\/es\/wp-json\/wp\/v2\/media?parent=254080"}],"wp:term":[{"taxonomy":"product_brand","embeddable":true,"href":"https:\/\/mhr.com.pt\/es\/wp-json\/wp\/v2\/product_brand?post=254080"},{"taxonomy":"product_cat","embeddable":true,"href":"https:\/\/mhr.com.pt\/es\/wp-json\/wp\/v2\/product_cat?post=254080"},{"taxonomy":"product_tag","embeddable":true,"href":"https:\/\/mhr.com.pt\/es\/wp-json\/wp\/v2\/product_tag?post=254080"}],"curies":[{"name":"wp","href":"https:\/\/api.w.org\/{rel}","templated":true}]}}