{"id":254085,"date":"2025-03-31T15:03:41","date_gmt":"2025-03-31T14:03:41","guid":{"rendered":"https:\/\/mhr.com.pt\/product\/jade\/"},"modified":"2025-03-31T15:03:41","modified_gmt":"2025-03-31T14:03:41","slug":"jade","status":"publish","type":"product","link":"https:\/\/mhr.com.pt\/es\/product\/jade\/","title":{"rendered":"Jade."},"content":{"rendered":"<p>Con l\u00edneas elegantes y proporciones equilibradas, el taburete Jade logra la armon\u00eda perfecta entre confort y sofisticaci\u00f3n.<\/p>\n<p>Su asiento tapizado invita al descanso, mientras que la superficie de madera extendida aporta de manera sutil un espacio funcional y visualmente atractivo. La estructura juega con el contraste de forma encantadora e inesperada: por un lado, una pata met\u00e1lica de forma geom\u00e9trica; por el otro, un soporte de acr\u00edlico transparente que aporta ligereza y un toque contempor\u00e1neo.<\/p>\n<p>Una pieza vers\u00e1til, perfecta para a\u00f1adir delicadeza y distinci\u00f3n a cualquier espacio.<\/p>\n","protected":false},"excerpt":{"rendered":"<p>TABURETE<\/p>\n","protected":false},"featured_media":254086,"template":"","meta":{"_et_pb_use_builder":"","_et_pb_old_content":"","_et_gb_content_width":""},"product_brand":[],"product_cat":[609,622],"product_tag":[],"class_list":{"0":"post-254085","1":"product","2":"type-product","3":"status-publish","4":"has-post-thumbnail","6":"product_cat-accesorios-de-dormitorio","7":"product_cat-pufs-taburetes","9":"first","10":"instock","11":"shipping-taxable","12":"product-type-simple"},"_links":{"self":[{"href":"https:\/\/mhr.com.pt\/es\/wp-json\/wp\/v2\/product\/254085","targetHints":{"allow":["GET"]}}],"collection":[{"href":"https:\/\/mhr.com.pt\/es\/wp-json\/wp\/v2\/product"}],"about":[{"href":"https:\/\/mhr.com.pt\/es\/wp-json\/wp\/v2\/types\/product"}],"wp:featuredmedia":[{"embeddable":true,"href":"https:\/\/mhr.com.pt\/es\/wp-json\/wp\/v2\/media\/254086"}],"wp:attachment":[{"href":"https:\/\/mhr.com.pt\/es\/wp-json\/wp\/v2\/media?parent=254085"}],"wp:term":[{"taxonomy":"product_brand","embeddable":true,"href":"https:\/\/mhr.com.pt\/es\/wp-json\/wp\/v2\/product_brand?post=254085"},{"taxonomy":"product_cat","embeddable":true,"href":"https:\/\/mhr.com.pt\/es\/wp-json\/wp\/v2\/product_cat?post=254085"},{"taxonomy":"product_tag","embeddable":true,"href":"https:\/\/mhr.com.pt\/es\/wp-json\/wp\/v2\/product_tag?post=254085"}],"curies":[{"name":"wp","href":"https:\/\/api.w.org\/{rel}","templated":true}]}}